{"id":2197,"date":"2021-11-03T18:27:31","date_gmt":"2021-11-03T18:27:31","guid":{"rendered":"https:\/\/odsforbusiness.com\/?post_type=product&#038;p=2197"},"modified":"2023-10-28T20:31:57","modified_gmt":"2023-10-28T20:31:57","slug":"mapeo-cadena-de-valor","status":"publish","type":"product","link":"https:\/\/odsforbusiness.com\/en\/productos\/mapeo-cadena-de-valor\/","title":{"rendered":"MAPEO EN LA CADENA DE VALOR"},"content":{"rendered":"<p>Sesi\u00f3n de Trabajo para \u00abmapear\u00bb el impacto de cada ODS en las diferentes fases de la <span style=\"font-size: 16px\">cadena de valor de la organizaci\u00f3n, identificando cuales son los que impactan en cada una de ellas.<\/span><\/p>\n<p>Este mapeo\u00a0 de la cadena de valor y los ODS\u00a0 permite detectar d\u00f3nde se espera un mayor impacto actual y futuro y sirve como base para la priorizaci\u00f3n de los ODS y definici\u00f3n de la estrategia de sostenibilidad.:<\/p>\n<ul>\n<li>ODS que aumentan el IMPACTO POSITIVO en una o m\u00e1s fases de la cadena de valor.<\/li>\n<li>ODS que reducen el IMPACTO NEGATIVO en una o m\u00e1s fases de la cadena de valor.<\/li>\n<li>ODS que NO IMPACTAN en ninguna de las fases de la cadena de valor.<\/li>\n<\/ul>\n<table style=\"width: 100%\" border=\"1\">\n<tbody>\n<tr>\n<th style=\"width: 50%\"><img decoding=\"async\" class=\"alignnone size-medium wp-image-2365\" src=\"https:\/\/odsforbusiness.com\/wp-content\/uploads\/2021\/11\/MAPEO-DE-LOS-ODS-EN-LA-CADENA-DE-VALOR-300x164.jpg\" alt=\"\" width=\"300\" height=\"164\" srcset=\"https:\/\/odsforbusiness.com\/wp-content\/uploads\/2021\/11\/MAPEO-DE-LOS-ODS-EN-LA-CADENA-DE-VALOR-300x164.jpg 300w, https:\/\/odsforbusiness.com\/wp-content\/uploads\/2021\/11\/MAPEO-DE-LOS-ODS-EN-LA-CADENA-DE-VALOR-600x328.jpg 600w, https:\/\/odsforbusiness.com\/wp-content\/uploads\/2021\/11\/MAPEO-DE-LOS-ODS-EN-LA-CADENA-DE-VALOR-768x420.jpg 768w, https:\/\/odsforbusiness.com\/wp-content\/uploads\/2021\/11\/MAPEO-DE-LOS-ODS-EN-LA-CADENA-DE-VALOR.jpg 972w\" sizes=\"(max-width: 300px) 100vw, 300px\" \/><\/th>\n<th style=\"width: 50%\">El proceso de mapeo se define en una sesi\u00f3n de trabajo con los principales stakeholders, que son los que aportan diferentes puntos de vista, intereses y objetivos al an\u00e1lisis.<\/p>\n<p>El proceso se completa y concreta en el documento de trabajo y conclusiones \u00abMapeo en la Cadena de Valor\u00bb.<\/th>\n<\/tr>\n<\/tbody>\n<\/table>","protected":false},"excerpt":{"rendered":"<p>Sesi\u00f3n de Trabajo para \u00abmapear\u00bb el impacto de cada ODS en las diferentes fases de la cadena de valor de la organizaci\u00f3n, identificando cuales son los que impactan en cada una de ellas. Este mapeo\u00a0 de la cadena de valor y los ODS\u00a0 permite detectar d\u00f3nde se espera un mayor impacto actual y futuro y [&hellip;]<\/p>\n","protected":false},"featured_media":0,"comment_status":"open","ping_status":"closed","template":"","meta":{"site-sidebar-layout":"default","site-content-layout":"default","ast-site-content-layout":"default","site-content-style":"default","site-sidebar-style":"default","ast-global-header-display":"","ast-banner-title-visibility":"","ast-main-header-display":"","ast-hfb-above-header-display":"","ast-hfb-below-header-display":"","ast-hfb-mobile-header-display":"","site-post-title":"","ast-breadcrumbs-content":"","ast-featured-img":"","footer-sml-layout":"","ast-disable-related-posts":"","theme-transparent-header-meta":"default","adv-header-id-meta":"","stick-header-meta":"","header-above-stick-meta":"","header-main-stick-meta":"","header-below-stick-meta":"","astra-migrate-meta-layouts":"default","ast-page-background-enabled":"default","ast-page-background-meta":{"desktop":{"background-color":"","background-image":"","background-repeat":"repeat","background-position":"center center","background-size":"auto","background-attachment":"scroll","background-type":"","background-media":"","overlay-type":"","overlay-color":"","overlay-opacity":"","overlay-gradient":""},"tablet":{"background-color":"","background-image":"","background-repeat":"repeat","background-position":"center center","background-size":"auto","background-attachment":"scroll","background-type":"","background-media":"","overlay-type":"","overlay-color":"","overlay-opacity":"","overlay-gradient":""},"mobile":{"background-color":"","background-image":"","background-repeat":"repeat","background-position":"center center","background-size":"auto","background-attachment":"scroll","background-type":"","background-media":"","overlay-type":"","overlay-color":"","overlay-opacity":"","overlay-gradient":""}},"ast-content-background-meta":{"desktop":{"background-color":"var(--ast-global-color-5)","background-image":"","background-repeat":"repeat","background-position":"center center","background-size":"auto","background-attachment":"scroll","background-type":"","background-media":"","overlay-type":"","overlay-color":"","overlay-opacity":"","overlay-gradient":""},"tablet":{"background-color":"var(--ast-global-color-5)","background-image":"","background-repeat":"repeat","background-position":"center center","background-size":"auto","background-attachment":"scroll","background-type":"","background-media":"","overlay-type":"","overlay-color":"","overlay-opacity":"","overlay-gradient":""},"mobile":{"background-color":"var(--ast-global-color-5)","background-image":"","background-repeat":"repeat","background-position":"center center","background-size":"auto","background-attachment":"scroll","background-type":"","background-media":"","overlay-type":"","overlay-color":"","overlay-opacity":"","overlay-gradient":""}}},"product_brand":[],"product_cat":[34,40],"product_tag":[],"class_list":{"0":"post-2197","1":"product","2":"type-product","3":"status-publish","5":"product_cat-establecer-metas-e-indicadores","6":"product_cat-individual","7":"desktop-align-left","8":"tablet-align-left","9":"mobile-align-left","11":"first","12":"instock","13":"virtual","14":"taxable","15":"purchasable","16":"product-type-simple"},"yoast_head":"<!-- This site is optimized with the Yoast SEO plugin v27.4 - https:\/\/yoast.com\/product\/yoast-seo-wordpress\/ -->\n<title>MAPEO EN LA CADENA DE VALOR - ODS<\/title>\n<meta name=\"robots\" content=\"index, follow, max-snippet:-1, max-image-preview:large, max-video-preview:-1\" \/>\n<link rel=\"canonical\" href=\"https:\/\/odsforbusiness.com\/en\/productos\/mapeo-cadena-de-valor\/\" \/>\n<meta property=\"og:locale\" content=\"en_US\" \/>\n<meta property=\"og:type\" content=\"article\" \/>\n<meta property=\"og:title\" content=\"MAPEO EN LA CADENA DE VALOR - ODS\" \/>\n<meta property=\"og:description\" content=\"Sesi\u00f3n de Trabajo para \u00abmapear\u00bb el impacto de cada ODS en las diferentes fases de la cadena de valor de la organizaci\u00f3n, identificando cuales son los que impactan en cada una de ellas. Este mapeo\u00a0 de la cadena de valor y los ODS\u00a0 permite detectar d\u00f3nde se espera un mayor impacto actual y futuro y [&hellip;]\" \/>\n<meta property=\"og:url\" content=\"https:\/\/odsforbusiness.com\/en\/productos\/mapeo-cadena-de-valor\/\" \/>\n<meta property=\"og:site_name\" content=\"ODS\" \/>\n<meta property=\"article:modified_time\" content=\"2023-10-28T20:31:57+00:00\" \/>\n<meta property=\"og:image\" content=\"https:\/\/odsforbusiness.com\/wp-content\/uploads\/2021\/11\/MAPEO-DE-LOS-ODS-EN-LA-CADENA-DE-VALOR.jpg\" \/>\n\t<meta property=\"og:image:width\" content=\"972\" \/>\n\t<meta property=\"og:image:height\" content=\"532\" \/>\n\t<meta property=\"og:image:type\" content=\"image\/jpeg\" \/>\n<meta name=\"twitter:card\" content=\"summary_large_image\" \/>\n<meta name=\"twitter:label1\" content=\"Est. reading time\" \/>\n\t<meta name=\"twitter:data1\" content=\"1 minute\" \/>\n<script type=\"application\/ld+json\" class=\"yoast-schema-graph\">{\"@context\":\"https:\\\/\\\/schema.org\",\"@graph\":[{\"@type\":\"WebPage\",\"@id\":\"https:\\\/\\\/odsforbusiness.com\\\/productos\\\/mapeo-cadena-de-valor\\\/\",\"url\":\"https:\\\/\\\/odsforbusiness.com\\\/productos\\\/mapeo-cadena-de-valor\\\/\",\"name\":\"MAPEO EN LA CADENA DE VALOR - ODS\",\"isPartOf\":{\"@id\":\"https:\\\/\\\/odsforbusiness.com\\\/#website\"},\"primaryImageOfPage\":{\"@id\":\"https:\\\/\\\/odsforbusiness.com\\\/productos\\\/mapeo-cadena-de-valor\\\/#primaryimage\"},\"image\":{\"@id\":\"https:\\\/\\\/odsforbusiness.com\\\/productos\\\/mapeo-cadena-de-valor\\\/#primaryimage\"},\"thumbnailUrl\":\"https:\\\/\\\/odsforbusiness.com\\\/wp-content\\\/uploads\\\/2021\\\/11\\\/MAPEO-DE-LOS-ODS-EN-LA-CADENA-DE-VALOR-300x164.jpg\",\"datePublished\":\"2021-11-03T18:27:31+00:00\",\"dateModified\":\"2023-10-28T20:31:57+00:00\",\"breadcrumb\":{\"@id\":\"https:\\\/\\\/odsforbusiness.com\\\/productos\\\/mapeo-cadena-de-valor\\\/#breadcrumb\"},\"inLanguage\":\"en-US\",\"potentialAction\":[{\"@type\":\"ReadAction\",\"target\":[\"https:\\\/\\\/odsforbusiness.com\\\/productos\\\/mapeo-cadena-de-valor\\\/\"]}]},{\"@type\":\"ImageObject\",\"inLanguage\":\"en-US\",\"@id\":\"https:\\\/\\\/odsforbusiness.com\\\/productos\\\/mapeo-cadena-de-valor\\\/#primaryimage\",\"url\":\"https:\\\/\\\/odsforbusiness.com\\\/wp-content\\\/uploads\\\/2021\\\/11\\\/MAPEO-DE-LOS-ODS-EN-LA-CADENA-DE-VALOR-300x164.jpg\",\"contentUrl\":\"https:\\\/\\\/odsforbusiness.com\\\/wp-content\\\/uploads\\\/2021\\\/11\\\/MAPEO-DE-LOS-ODS-EN-LA-CADENA-DE-VALOR-300x164.jpg\"},{\"@type\":\"BreadcrumbList\",\"@id\":\"https:\\\/\\\/odsforbusiness.com\\\/productos\\\/mapeo-cadena-de-valor\\\/#breadcrumb\",\"itemListElement\":[{\"@type\":\"ListItem\",\"position\":1,\"name\":\"Portada\",\"item\":\"https:\\\/\\\/odsforbusiness.com\\\/\"},{\"@type\":\"ListItem\",\"position\":2,\"name\":\"Tienda\",\"item\":\"https:\\\/\\\/odsforbusiness.com\\\/tienda\\\/\"},{\"@type\":\"ListItem\",\"position\":3,\"name\":\"MAPEO EN LA CADENA DE VALOR\"}]},{\"@type\":\"WebSite\",\"@id\":\"https:\\\/\\\/odsforbusiness.com\\\/#website\",\"url\":\"https:\\\/\\\/odsforbusiness.com\\\/\",\"name\":\"ODS\",\"description\":\"Objetivos de desarrollo sostenible y rentable.\",\"publisher\":{\"@id\":\"https:\\\/\\\/odsforbusiness.com\\\/#organization\"},\"potentialAction\":[{\"@type\":\"SearchAction\",\"target\":{\"@type\":\"EntryPoint\",\"urlTemplate\":\"https:\\\/\\\/odsforbusiness.com\\\/?s={search_term_string}\"},\"query-input\":{\"@type\":\"PropertyValueSpecification\",\"valueRequired\":true,\"valueName\":\"search_term_string\"}}],\"inLanguage\":\"en-US\"},{\"@type\":\"Organization\",\"@id\":\"https:\\\/\\\/odsforbusiness.com\\\/#organization\",\"name\":\"ODS\",\"alternateName\":\"Sostenibilidad y rentabilidad\",\"url\":\"https:\\\/\\\/odsforbusiness.com\\\/\",\"logo\":{\"@type\":\"ImageObject\",\"inLanguage\":\"en-US\",\"@id\":\"https:\\\/\\\/odsforbusiness.com\\\/#\\\/schema\\\/logo\\\/image\\\/\",\"url\":\"https:\\\/\\\/odsforbusiness.com\\\/wp-content\\\/uploads\\\/2021\\\/03\\\/ODS-logo.png\",\"contentUrl\":\"https:\\\/\\\/odsforbusiness.com\\\/wp-content\\\/uploads\\\/2021\\\/03\\\/ODS-logo.png\",\"width\":584,\"height\":295,\"caption\":\"ODS\"},\"image\":{\"@id\":\"https:\\\/\\\/odsforbusiness.com\\\/#\\\/schema\\\/logo\\\/image\\\/\"}}]}<\/script>\n<!-- \/ Yoast SEO plugin. -->","yoast_head_json":{"title":"MAPEO EN LA CADENA DE VALOR - ODS","robots":{"index":"index","follow":"follow","max-snippet":"max-snippet:-1","max-image-preview":"max-image-preview:large","max-video-preview":"max-video-preview:-1"},"canonical":"https:\/\/odsforbusiness.com\/en\/productos\/mapeo-cadena-de-valor\/","og_locale":"en_US","og_type":"article","og_title":"MAPEO EN LA CADENA DE VALOR - ODS","og_description":"Sesi\u00f3n de Trabajo para \u00abmapear\u00bb el impacto de cada ODS en las diferentes fases de la cadena de valor de la organizaci\u00f3n, identificando cuales son los que impactan en cada una de ellas. Este mapeo\u00a0 de la cadena de valor y los ODS\u00a0 permite detectar d\u00f3nde se espera un mayor impacto actual y futuro y [&hellip;]","og_url":"https:\/\/odsforbusiness.com\/en\/productos\/mapeo-cadena-de-valor\/","og_site_name":"ODS","article_modified_time":"2023-10-28T20:31:57+00:00","og_image":[{"width":972,"height":532,"url":"https:\/\/odsforbusiness.com\/wp-content\/uploads\/2021\/11\/MAPEO-DE-LOS-ODS-EN-LA-CADENA-DE-VALOR.jpg","type":"image\/jpeg"}],"twitter_card":"summary_large_image","twitter_misc":{"Est. reading time":"1 minute"},"schema":{"@context":"https:\/\/schema.org","@graph":[{"@type":"WebPage","@id":"https:\/\/odsforbusiness.com\/productos\/mapeo-cadena-de-valor\/","url":"https:\/\/odsforbusiness.com\/productos\/mapeo-cadena-de-valor\/","name":"MAPEO EN LA CADENA DE VALOR - ODS","isPartOf":{"@id":"https:\/\/odsforbusiness.com\/#website"},"primaryImageOfPage":{"@id":"https:\/\/odsforbusiness.com\/productos\/mapeo-cadena-de-valor\/#primaryimage"},"image":{"@id":"https:\/\/odsforbusiness.com\/productos\/mapeo-cadena-de-valor\/#primaryimage"},"thumbnailUrl":"https:\/\/odsforbusiness.com\/wp-content\/uploads\/2021\/11\/MAPEO-DE-LOS-ODS-EN-LA-CADENA-DE-VALOR-300x164.jpg","datePublished":"2021-11-03T18:27:31+00:00","dateModified":"2023-10-28T20:31:57+00:00","breadcrumb":{"@id":"https:\/\/odsforbusiness.com\/productos\/mapeo-cadena-de-valor\/#breadcrumb"},"inLanguage":"en-US","potentialAction":[{"@type":"ReadAction","target":["https:\/\/odsforbusiness.com\/productos\/mapeo-cadena-de-valor\/"]}]},{"@type":"ImageObject","inLanguage":"en-US","@id":"https:\/\/odsforbusiness.com\/productos\/mapeo-cadena-de-valor\/#primaryimage","url":"https:\/\/odsforbusiness.com\/wp-content\/uploads\/2021\/11\/MAPEO-DE-LOS-ODS-EN-LA-CADENA-DE-VALOR-300x164.jpg","contentUrl":"https:\/\/odsforbusiness.com\/wp-content\/uploads\/2021\/11\/MAPEO-DE-LOS-ODS-EN-LA-CADENA-DE-VALOR-300x164.jpg"},{"@type":"BreadcrumbList","@id":"https:\/\/odsforbusiness.com\/productos\/mapeo-cadena-de-valor\/#breadcrumb","itemListElement":[{"@type":"ListItem","position":1,"name":"Portada","item":"https:\/\/odsforbusiness.com\/"},{"@type":"ListItem","position":2,"name":"Tienda","item":"https:\/\/odsforbusiness.com\/tienda\/"},{"@type":"ListItem","position":3,"name":"MAPEO EN LA CADENA DE VALOR"}]},{"@type":"WebSite","@id":"https:\/\/odsforbusiness.com\/#website","url":"https:\/\/odsforbusiness.com\/","name":"ODS","description":"Objetivos de desarrollo sostenible y rentable.","publisher":{"@id":"https:\/\/odsforbusiness.com\/#organization"},"potentialAction":[{"@type":"SearchAction","target":{"@type":"EntryPoint","urlTemplate":"https:\/\/odsforbusiness.com\/?s={search_term_string}"},"query-input":{"@type":"PropertyValueSpecification","valueRequired":true,"valueName":"search_term_string"}}],"inLanguage":"en-US"},{"@type":"Organization","@id":"https:\/\/odsforbusiness.com\/#organization","name":"ODS","alternateName":"Sostenibilidad y rentabilidad","url":"https:\/\/odsforbusiness.com\/","logo":{"@type":"ImageObject","inLanguage":"en-US","@id":"https:\/\/odsforbusiness.com\/#\/schema\/logo\/image\/","url":"https:\/\/odsforbusiness.com\/wp-content\/uploads\/2021\/03\/ODS-logo.png","contentUrl":"https:\/\/odsforbusiness.com\/wp-content\/uploads\/2021\/03\/ODS-logo.png","width":584,"height":295,"caption":"ODS"},"image":{"@id":"https:\/\/odsforbusiness.com\/#\/schema\/logo\/image\/"}}]}},"_links":{"self":[{"href":"https:\/\/odsforbusiness.com\/en\/wp-json\/wp\/v2\/product\/2197","targetHints":{"allow":["GET"]}}],"collection":[{"href":"https:\/\/odsforbusiness.com\/en\/wp-json\/wp\/v2\/product"}],"about":[{"href":"https:\/\/odsforbusiness.com\/en\/wp-json\/wp\/v2\/types\/product"}],"replies":[{"embeddable":true,"href":"https:\/\/odsforbusiness.com\/en\/wp-json\/wp\/v2\/comments?post=2197"}],"wp:attachment":[{"href":"https:\/\/odsforbusiness.com\/en\/wp-json\/wp\/v2\/media?parent=2197"}],"wp:term":[{"taxonomy":"product_brand","embeddable":true,"href":"https:\/\/odsforbusiness.com\/en\/wp-json\/wp\/v2\/product_brand?post=2197"},{"taxonomy":"product_cat","embeddable":true,"href":"https:\/\/odsforbusiness.com\/en\/wp-json\/wp\/v2\/product_cat?post=2197"},{"taxonomy":"product_tag","embeddable":true,"href":"https:\/\/odsforbusiness.com\/en\/wp-json\/wp\/v2\/product_tag?post=2197"}],"curies":[{"name":"wp","href":"https:\/\/api.w.org\/{rel}","templated":true}]}}