{"id":2386,"date":"2021-11-08T10:19:25","date_gmt":"2021-11-08T10:19:25","guid":{"rendered":"https:\/\/odsforbusiness.com\/?post_type=product&#038;p=2386"},"modified":"2023-10-28T20:30:44","modified_gmt":"2023-10-28T20:30:44","slug":"analisis-de-oportunidad","status":"publish","type":"product","link":"https:\/\/odsforbusiness.com\/en\/productos\/analisis-de-oportunidad\/","title":{"rendered":"ANALISIS DE OPORTUNIDAD"},"content":{"rendered":"<p>Las empresas afrontan en su d\u00eda a d\u00eda cuestiones que impactan directamente con el \u00e1mbito de los ODS, independientemente de que la organizaci\u00f3n tenga implantado una estrategia o no de sostenibilidad), como pueden ser (por ejemplo) la gesti\u00f3n de las condiciones laborales. el tratamiento del consumo energ\u00e9tico,\u00a0 la formaci\u00f3n o la igualdad.<\/p>\n<p>Este an\u00e1lisis de oportunidad detecta los ODS que podr\u00edan formar parte de la estrategia a futuro de sostenibilidad de una organizaci\u00f3n\u00a0 bien porque ya impactan de alguna manera en la propia actividad de la misma y pueden generar oportunidades de negocio, o bien porque no impactando de forma directa pueden de igual modo generar oportunidades nuevas de negocio.<\/p>\n<p>Mediante un ejercicio grupal presencial se les pide a los diferentes stakeholders (que son los que aportan diferentes puntos de vista, intereses y objetivos al proceso)\u00a0 que realicen un an\u00e1lisis de los ODS en funci\u00f3n de c\u00f3mo de sencilla es su integraci\u00f3n en la estrategia de la organizaci\u00f3n y c\u00f3mo pueden generar (si lo hacen), a su vez, oportunidades de negocio:<\/p>\n<ul>\n<li>ODS QUE PODR\u00cdAN GENERAR NEGOCIO Y SON F\u00c1CILES DE INTEGRAR<\/li>\n<li>ODS QUE PODR\u00cdAN GENERAN NEGOCIO Y SON DIF\u00cdCILES DE IMPLANTAR<\/li>\n<li>ODS QUE\u00a0 NO GENERAN NEGOCIO Y SON F\u00c1CILES DE INTEGRAR<\/li>\n<li>ODS QUE\u00a0 NO GENERAN NEGOCIO Y SON DIF\u00cdCILES DE INTEGRAR.<\/li>\n<\/ul>\n<table style=\"width: 100%\" border=\"1\">\n<tbody>\n<tr>\n<th style=\"width: 50%\"><img decoding=\"async\" class=\"alignnone size-medium wp-image-2387\" src=\"https:\/\/odsforbusiness.com\/wp-content\/uploads\/2021\/11\/ANALISIS-DE-OPORTUNIDAD-300x113.jpg\" alt=\"\" width=\"300\" height=\"113\" srcset=\"https:\/\/odsforbusiness.com\/wp-content\/uploads\/2021\/11\/ANALISIS-DE-OPORTUNIDAD-300x113.jpg 300w, https:\/\/odsforbusiness.com\/wp-content\/uploads\/2021\/11\/ANALISIS-DE-OPORTUNIDAD-600x227.jpg 600w, https:\/\/odsforbusiness.com\/wp-content\/uploads\/2021\/11\/ANALISIS-DE-OPORTUNIDAD-768x290.jpg 768w, https:\/\/odsforbusiness.com\/wp-content\/uploads\/2021\/11\/ANALISIS-DE-OPORTUNIDAD.jpg 973w\" sizes=\"(max-width: 300px) 100vw, 300px\" \/><\/th>\n<th style=\"width: 50%\">El proceso se completa y concreta en el documento de trabajo y conclusiones \u00abAn\u00e1lisis de OPORTUNIDAD\u00bb que presenta de forma muy visual qu\u00e9 ODS se consideran muy poco alineados con los objetivos de la organizaci\u00f3n, cuales est\u00e1n alineados y cuales lo est\u00e1n mucho.<\/th>\n<\/tr>\n<\/tbody>\n<\/table>\n<p>Este an\u00e1lisis servir\u00e1 de base para la\u00a0 priorizaci\u00f3n de los ODS y definici\u00f3n de la futura estrategia de sostenibilidad.<\/p>","protected":false},"excerpt":{"rendered":"<p>Las empresas afrontan en su d\u00eda a d\u00eda cuestiones que impactan directamente con el \u00e1mbito de los ODS, independientemente de que la organizaci\u00f3n tenga implantado una estrategia o no de sostenibilidad), como pueden ser (por ejemplo) la gesti\u00f3n de las condiciones laborales. el tratamiento del consumo energ\u00e9tico,\u00a0 la formaci\u00f3n o la igualdad. Este an\u00e1lisis de [&hellip;]<\/p>\n","protected":false},"featured_media":0,"comment_status":"open","ping_status":"closed","template":"","meta":{"site-sidebar-layout":"default","site-content-layout":"default","ast-site-content-layout":"default","site-content-style":"default","site-sidebar-style":"default","ast-global-header-display":"","ast-banner-title-visibility":"","ast-main-header-display":"","ast-hfb-above-header-display":"","ast-hfb-below-header-display":"","ast-hfb-mobile-header-display":"","site-post-title":"","ast-breadcrumbs-content":"","ast-featured-img":"","footer-sml-layout":"","ast-disable-related-posts":"","theme-transparent-header-meta":"default","adv-header-id-meta":"","stick-header-meta":"","header-above-stick-meta":"","header-main-stick-meta":"","header-below-stick-meta":"","astra-migrate-meta-layouts":"default","ast-page-background-enabled":"default","ast-page-background-meta":{"desktop":{"background-color":"","background-image":"","background-repeat":"repeat","background-position":"center center","background-size":"auto","background-attachment":"scroll","background-type":"","background-media":"","overlay-type":"","overlay-color":"","overlay-opacity":"","overlay-gradient":""},"tablet":{"background-color":"","background-image":"","background-repeat":"repeat","background-position":"center center","background-size":"auto","background-attachment":"scroll","background-type":"","background-media":"","overlay-type":"","overlay-color":"","overlay-opacity":"","overlay-gradient":""},"mobile":{"background-color":"","background-image":"","background-repeat":"repeat","background-position":"center center","background-size":"auto","background-attachment":"scroll","background-type":"","background-media":"","overlay-type":"","overlay-color":"","overlay-opacity":"","overlay-gradient":""}},"ast-content-background-meta":{"desktop":{"background-color":"var(--ast-global-color-5)","background-image":"","background-repeat":"repeat","background-position":"center center","background-size":"auto","background-attachment":"scroll","background-type":"","background-media":"","overlay-type":"","overlay-color":"","overlay-opacity":"","overlay-gradient":""},"tablet":{"background-color":"var(--ast-global-color-5)","background-image":"","background-repeat":"repeat","background-position":"center center","background-size":"auto","background-attachment":"scroll","background-type":"","background-media":"","overlay-type":"","overlay-color":"","overlay-opacity":"","overlay-gradient":""},"mobile":{"background-color":"var(--ast-global-color-5)","background-image":"","background-repeat":"repeat","background-position":"center center","background-size":"auto","background-attachment":"scroll","background-type":"","background-media":"","overlay-type":"","overlay-color":"","overlay-opacity":"","overlay-gradient":""}}},"product_brand":[],"product_cat":[33,40],"product_tag":[],"class_list":{"0":"post-2386","1":"product","2":"type-product","3":"status-publish","5":"product_cat-definir-los-ods-prioritarios","6":"product_cat-individual","7":"desktop-align-left","8":"tablet-align-left","9":"mobile-align-left","11":"first","12":"instock","13":"virtual","14":"taxable","15":"purchasable","16":"product-type-simple"},"yoast_head":"<!-- This site is optimized with the Yoast SEO plugin v27.4 - https:\/\/yoast.com\/product\/yoast-seo-wordpress\/ -->\n<title>ANALISIS DE OPORTUNIDAD - ODS<\/title>\n<meta name=\"robots\" content=\"index, follow, max-snippet:-1, max-image-preview:large, max-video-preview:-1\" \/>\n<link rel=\"canonical\" href=\"https:\/\/odsforbusiness.com\/en\/productos\/analisis-de-oportunidad\/\" \/>\n<meta property=\"og:locale\" content=\"en_US\" \/>\n<meta property=\"og:type\" content=\"article\" \/>\n<meta property=\"og:title\" content=\"ANALISIS DE OPORTUNIDAD - ODS\" \/>\n<meta property=\"og:description\" content=\"Las empresas afrontan en su d\u00eda a d\u00eda cuestiones que impactan directamente con el \u00e1mbito de los ODS, independientemente de que la organizaci\u00f3n tenga implantado una estrategia o no de sostenibilidad), como pueden ser (por ejemplo) la gesti\u00f3n de las condiciones laborales. el tratamiento del consumo energ\u00e9tico,\u00a0 la formaci\u00f3n o la igualdad. Este an\u00e1lisis de [&hellip;]\" \/>\n<meta property=\"og:url\" content=\"https:\/\/odsforbusiness.com\/en\/productos\/analisis-de-oportunidad\/\" \/>\n<meta property=\"og:site_name\" content=\"ODS\" \/>\n<meta property=\"article:modified_time\" content=\"2023-10-28T20:30:44+00:00\" \/>\n<meta property=\"og:image\" content=\"https:\/\/odsforbusiness.com\/wp-content\/uploads\/2021\/11\/ANALISIS-DE-OPORTUNIDAD.jpg\" \/>\n\t<meta property=\"og:image:width\" content=\"973\" \/>\n\t<meta property=\"og:image:height\" content=\"368\" \/>\n\t<meta property=\"og:image:type\" content=\"image\/jpeg\" \/>\n<meta name=\"twitter:card\" content=\"summary_large_image\" \/>\n<meta name=\"twitter:label1\" content=\"Est. reading time\" \/>\n\t<meta name=\"twitter:data1\" content=\"2 minutes\" \/>\n<script type=\"application\/ld+json\" class=\"yoast-schema-graph\">{\"@context\":\"https:\\\/\\\/schema.org\",\"@graph\":[{\"@type\":\"WebPage\",\"@id\":\"https:\\\/\\\/odsforbusiness.com\\\/productos\\\/analisis-de-oportunidad\\\/\",\"url\":\"https:\\\/\\\/odsforbusiness.com\\\/productos\\\/analisis-de-oportunidad\\\/\",\"name\":\"ANALISIS DE OPORTUNIDAD - ODS\",\"isPartOf\":{\"@id\":\"https:\\\/\\\/odsforbusiness.com\\\/#website\"},\"primaryImageOfPage\":{\"@id\":\"https:\\\/\\\/odsforbusiness.com\\\/productos\\\/analisis-de-oportunidad\\\/#primaryimage\"},\"image\":{\"@id\":\"https:\\\/\\\/odsforbusiness.com\\\/productos\\\/analisis-de-oportunidad\\\/#primaryimage\"},\"thumbnailUrl\":\"https:\\\/\\\/odsforbusiness.com\\\/wp-content\\\/uploads\\\/2021\\\/11\\\/ANALISIS-DE-OPORTUNIDAD-300x113.jpg\",\"datePublished\":\"2021-11-08T10:19:25+00:00\",\"dateModified\":\"2023-10-28T20:30:44+00:00\",\"breadcrumb\":{\"@id\":\"https:\\\/\\\/odsforbusiness.com\\\/productos\\\/analisis-de-oportunidad\\\/#breadcrumb\"},\"inLanguage\":\"en-US\",\"potentialAction\":[{\"@type\":\"ReadAction\",\"target\":[\"https:\\\/\\\/odsforbusiness.com\\\/productos\\\/analisis-de-oportunidad\\\/\"]}]},{\"@type\":\"ImageObject\",\"inLanguage\":\"en-US\",\"@id\":\"https:\\\/\\\/odsforbusiness.com\\\/productos\\\/analisis-de-oportunidad\\\/#primaryimage\",\"url\":\"https:\\\/\\\/odsforbusiness.com\\\/wp-content\\\/uploads\\\/2021\\\/11\\\/ANALISIS-DE-OPORTUNIDAD-300x113.jpg\",\"contentUrl\":\"https:\\\/\\\/odsforbusiness.com\\\/wp-content\\\/uploads\\\/2021\\\/11\\\/ANALISIS-DE-OPORTUNIDAD-300x113.jpg\"},{\"@type\":\"BreadcrumbList\",\"@id\":\"https:\\\/\\\/odsforbusiness.com\\\/productos\\\/analisis-de-oportunidad\\\/#breadcrumb\",\"itemListElement\":[{\"@type\":\"ListItem\",\"position\":1,\"name\":\"Portada\",\"item\":\"https:\\\/\\\/odsforbusiness.com\\\/\"},{\"@type\":\"ListItem\",\"position\":2,\"name\":\"Tienda\",\"item\":\"https:\\\/\\\/odsforbusiness.com\\\/tienda\\\/\"},{\"@type\":\"ListItem\",\"position\":3,\"name\":\"ANALISIS DE OPORTUNIDAD\"}]},{\"@type\":\"WebSite\",\"@id\":\"https:\\\/\\\/odsforbusiness.com\\\/#website\",\"url\":\"https:\\\/\\\/odsforbusiness.com\\\/\",\"name\":\"ODS\",\"description\":\"Objetivos de desarrollo sostenible y rentable.\",\"publisher\":{\"@id\":\"https:\\\/\\\/odsforbusiness.com\\\/#organization\"},\"potentialAction\":[{\"@type\":\"SearchAction\",\"target\":{\"@type\":\"EntryPoint\",\"urlTemplate\":\"https:\\\/\\\/odsforbusiness.com\\\/?s={search_term_string}\"},\"query-input\":{\"@type\":\"PropertyValueSpecification\",\"valueRequired\":true,\"valueName\":\"search_term_string\"}}],\"inLanguage\":\"en-US\"},{\"@type\":\"Organization\",\"@id\":\"https:\\\/\\\/odsforbusiness.com\\\/#organization\",\"name\":\"ODS\",\"alternateName\":\"Sostenibilidad y rentabilidad\",\"url\":\"https:\\\/\\\/odsforbusiness.com\\\/\",\"logo\":{\"@type\":\"ImageObject\",\"inLanguage\":\"en-US\",\"@id\":\"https:\\\/\\\/odsforbusiness.com\\\/#\\\/schema\\\/logo\\\/image\\\/\",\"url\":\"https:\\\/\\\/odsforbusiness.com\\\/wp-content\\\/uploads\\\/2021\\\/03\\\/ODS-logo.png\",\"contentUrl\":\"https:\\\/\\\/odsforbusiness.com\\\/wp-content\\\/uploads\\\/2021\\\/03\\\/ODS-logo.png\",\"width\":584,\"height\":295,\"caption\":\"ODS\"},\"image\":{\"@id\":\"https:\\\/\\\/odsforbusiness.com\\\/#\\\/schema\\\/logo\\\/image\\\/\"}}]}<\/script>\n<!-- \/ Yoast SEO plugin. -->","yoast_head_json":{"title":"ANALISIS DE OPORTUNIDAD - ODS","robots":{"index":"index","follow":"follow","max-snippet":"max-snippet:-1","max-image-preview":"max-image-preview:large","max-video-preview":"max-video-preview:-1"},"canonical":"https:\/\/odsforbusiness.com\/en\/productos\/analisis-de-oportunidad\/","og_locale":"en_US","og_type":"article","og_title":"ANALISIS DE OPORTUNIDAD - ODS","og_description":"Las empresas afrontan en su d\u00eda a d\u00eda cuestiones que impactan directamente con el \u00e1mbito de los ODS, independientemente de que la organizaci\u00f3n tenga implantado una estrategia o no de sostenibilidad), como pueden ser (por ejemplo) la gesti\u00f3n de las condiciones laborales. el tratamiento del consumo energ\u00e9tico,\u00a0 la formaci\u00f3n o la igualdad. Este an\u00e1lisis de [&hellip;]","og_url":"https:\/\/odsforbusiness.com\/en\/productos\/analisis-de-oportunidad\/","og_site_name":"ODS","article_modified_time":"2023-10-28T20:30:44+00:00","og_image":[{"width":973,"height":368,"url":"https:\/\/odsforbusiness.com\/wp-content\/uploads\/2021\/11\/ANALISIS-DE-OPORTUNIDAD.jpg","type":"image\/jpeg"}],"twitter_card":"summary_large_image","twitter_misc":{"Est. reading time":"2 minutes"},"schema":{"@context":"https:\/\/schema.org","@graph":[{"@type":"WebPage","@id":"https:\/\/odsforbusiness.com\/productos\/analisis-de-oportunidad\/","url":"https:\/\/odsforbusiness.com\/productos\/analisis-de-oportunidad\/","name":"ANALISIS DE OPORTUNIDAD - ODS","isPartOf":{"@id":"https:\/\/odsforbusiness.com\/#website"},"primaryImageOfPage":{"@id":"https:\/\/odsforbusiness.com\/productos\/analisis-de-oportunidad\/#primaryimage"},"image":{"@id":"https:\/\/odsforbusiness.com\/productos\/analisis-de-oportunidad\/#primaryimage"},"thumbnailUrl":"https:\/\/odsforbusiness.com\/wp-content\/uploads\/2021\/11\/ANALISIS-DE-OPORTUNIDAD-300x113.jpg","datePublished":"2021-11-08T10:19:25+00:00","dateModified":"2023-10-28T20:30:44+00:00","breadcrumb":{"@id":"https:\/\/odsforbusiness.com\/productos\/analisis-de-oportunidad\/#breadcrumb"},"inLanguage":"en-US","potentialAction":[{"@type":"ReadAction","target":["https:\/\/odsforbusiness.com\/productos\/analisis-de-oportunidad\/"]}]},{"@type":"ImageObject","inLanguage":"en-US","@id":"https:\/\/odsforbusiness.com\/productos\/analisis-de-oportunidad\/#primaryimage","url":"https:\/\/odsforbusiness.com\/wp-content\/uploads\/2021\/11\/ANALISIS-DE-OPORTUNIDAD-300x113.jpg","contentUrl":"https:\/\/odsforbusiness.com\/wp-content\/uploads\/2021\/11\/ANALISIS-DE-OPORTUNIDAD-300x113.jpg"},{"@type":"BreadcrumbList","@id":"https:\/\/odsforbusiness.com\/productos\/analisis-de-oportunidad\/#breadcrumb","itemListElement":[{"@type":"ListItem","position":1,"name":"Portada","item":"https:\/\/odsforbusiness.com\/"},{"@type":"ListItem","position":2,"name":"Tienda","item":"https:\/\/odsforbusiness.com\/tienda\/"},{"@type":"ListItem","position":3,"name":"ANALISIS DE OPORTUNIDAD"}]},{"@type":"WebSite","@id":"https:\/\/odsforbusiness.com\/#website","url":"https:\/\/odsforbusiness.com\/","name":"ODS","description":"Objetivos de desarrollo sostenible y rentable.","publisher":{"@id":"https:\/\/odsforbusiness.com\/#organization"},"potentialAction":[{"@type":"SearchAction","target":{"@type":"EntryPoint","urlTemplate":"https:\/\/odsforbusiness.com\/?s={search_term_string}"},"query-input":{"@type":"PropertyValueSpecification","valueRequired":true,"valueName":"search_term_string"}}],"inLanguage":"en-US"},{"@type":"Organization","@id":"https:\/\/odsforbusiness.com\/#organization","name":"ODS","alternateName":"Sostenibilidad y rentabilidad","url":"https:\/\/odsforbusiness.com\/","logo":{"@type":"ImageObject","inLanguage":"en-US","@id":"https:\/\/odsforbusiness.com\/#\/schema\/logo\/image\/","url":"https:\/\/odsforbusiness.com\/wp-content\/uploads\/2021\/03\/ODS-logo.png","contentUrl":"https:\/\/odsforbusiness.com\/wp-content\/uploads\/2021\/03\/ODS-logo.png","width":584,"height":295,"caption":"ODS"},"image":{"@id":"https:\/\/odsforbusiness.com\/#\/schema\/logo\/image\/"}}]}},"_links":{"self":[{"href":"https:\/\/odsforbusiness.com\/en\/wp-json\/wp\/v2\/product\/2386","targetHints":{"allow":["GET"]}}],"collection":[{"href":"https:\/\/odsforbusiness.com\/en\/wp-json\/wp\/v2\/product"}],"about":[{"href":"https:\/\/odsforbusiness.com\/en\/wp-json\/wp\/v2\/types\/product"}],"replies":[{"embeddable":true,"href":"https:\/\/odsforbusiness.com\/en\/wp-json\/wp\/v2\/comments?post=2386"}],"wp:attachment":[{"href":"https:\/\/odsforbusiness.com\/en\/wp-json\/wp\/v2\/media?parent=2386"}],"wp:term":[{"taxonomy":"product_brand","embeddable":true,"href":"https:\/\/odsforbusiness.com\/en\/wp-json\/wp\/v2\/product_brand?post=2386"},{"taxonomy":"product_cat","embeddable":true,"href":"https:\/\/odsforbusiness.com\/en\/wp-json\/wp\/v2\/product_cat?post=2386"},{"taxonomy":"product_tag","embeddable":true,"href":"https:\/\/odsforbusiness.com\/en\/wp-json\/wp\/v2\/product_tag?post=2386"}],"curies":[{"name":"wp","href":"https:\/\/api.w.org\/{rel}","templated":true}]}}