{"id":2388,"date":"2021-11-08T10:32:11","date_gmt":"2021-11-08T10:32:11","guid":{"rendered":"https:\/\/odsforbusiness.com\/?post_type=product&#038;p=2388"},"modified":"2023-10-28T20:30:30","modified_gmt":"2023-10-28T20:30:30","slug":"marco-de-prioridades","status":"publish","type":"product","link":"https:\/\/odsforbusiness.com\/en\/productos\/marco-de-prioridades\/","title":{"rendered":"MARCO DE PRIORIDADES"},"content":{"rendered":"<p>Una vez hemos concretado los ODS sobre los que trabajaremos, es momento de definir los temas prioritarios para cada uno de ellos en los que basaremos nuestra futura estrategia de sostenibilidad.<\/p>\n<p>En una sesi\u00f3n de trabajo de dise\u00f1o creativo con los diferentes stakeholders (que son los que aportan diferentes puntos de vista, intereses y objetivos al proceso)\u00a0 se generar\u00e1 una lluvia de ideas que cerrar\u00e1 las \u00e1reas de trabajo prioritarias en las que basar la estrategia para cada ODS. Se trata de \u00e1reas \u00abmarco\u00bb de trabajo sobre las que establecer indicadores y mediciones que van <em>aterrizando<\/em> dicha estrategia a la realidad de la organizaci\u00f3n y a los recursos y procesos y medios disponibles.<\/p>\n<p>En el ejercicio pueden salir a la luz otros ODS que, no habiendo sido definidos como prioritarios para la organizaci\u00f3n, peden resultar impactados pore stas \u00e1reas y que incluiremos tambi\u00e9n en el proceso de reporting final.<\/p>\n<p>El ejercicio parte del documento <a href=\"https:\/\/odsforbusiness.com\/en\/productos\/mapeo-cadena-de-valor\/\">MAPEO EN LA CADENA DE VALOR<\/a> que ha detectado el impacto de cada ODS en las diferentes fases de la cadena de valor de la organizaci\u00f3n, e identificado cuales son los que impactan en cada una de ellas.<\/p>\n<table style=\"width: 100%\" border=\"1\">\n<tbody>\n<tr>\n<th style=\"width: 50%\"><img decoding=\"async\" class=\"alignnone size-medium wp-image-2389\" src=\"https:\/\/odsforbusiness.com\/wp-content\/uploads\/2021\/11\/MARCO-DE-PRIORIDADES-300x106.jpg\" alt=\"\" width=\"300\" height=\"106\" srcset=\"https:\/\/odsforbusiness.com\/wp-content\/uploads\/2021\/11\/MARCO-DE-PRIORIDADES-300x106.jpg 300w, https:\/\/odsforbusiness.com\/wp-content\/uploads\/2021\/11\/MARCO-DE-PRIORIDADES-600x211.jpg 600w, https:\/\/odsforbusiness.com\/wp-content\/uploads\/2021\/11\/MARCO-DE-PRIORIDADES-768x270.jpg 768w, https:\/\/odsforbusiness.com\/wp-content\/uploads\/2021\/11\/MARCO-DE-PRIORIDADES.jpg 904w\" sizes=\"(max-width: 300px) 100vw, 300px\" \/><\/th>\n<th style=\"width: 50%\">El proceso se completa y concreta en el documento de trabajo y conclusiones \u00abMarco de PRIORIDADES\u00bb que presenta los temas prioritarios o \u00e1reas de trabajo prioritarias en losq ue la organizaci\u00f3n debe de poner el foco para cada ODS trabajado, los ODS relacionados de forma subsidiaria, el eje del planeta relacionado y un primer planteamiento de las acciones para el logro de esta prioridad.<\/th>\n<\/tr>\n<\/tbody>\n<\/table>\n<p>&nbsp;<\/p>","protected":false},"excerpt":{"rendered":"<p>Una vez hemos concretado los ODS sobre los que trabajaremos, es momento de definir los temas prioritarios para cada uno de ellos en los que basaremos nuestra futura estrategia de sostenibilidad. En una sesi\u00f3n de trabajo de dise\u00f1o creativo con los diferentes stakeholders (que son los que aportan diferentes puntos de vista, intereses y objetivos [&hellip;]<\/p>\n","protected":false},"featured_media":0,"comment_status":"open","ping_status":"closed","template":"","meta":{"site-sidebar-layout":"default","site-content-layout":"default","ast-site-content-layout":"default","site-content-style":"default","site-sidebar-style":"default","ast-global-header-display":"","ast-banner-title-visibility":"","ast-main-header-display":"","ast-hfb-above-header-display":"","ast-hfb-below-header-display":"","ast-hfb-mobile-header-display":"","site-post-title":"","ast-breadcrumbs-content":"","ast-featured-img":"","footer-sml-layout":"","ast-disable-related-posts":"","theme-transparent-header-meta":"default","adv-header-id-meta":"","stick-header-meta":"","header-above-stick-meta":"","header-main-stick-meta":"","header-below-stick-meta":"","astra-migrate-meta-layouts":"default","ast-page-background-enabled":"default","ast-page-background-meta":{"desktop":{"background-color":"","background-image":"","background-repeat":"repeat","background-position":"center center","background-size":"auto","background-attachment":"scroll","background-type":"","background-media":"","overlay-type":"","overlay-color":"","overlay-opacity":"","overlay-gradient":""},"tablet":{"background-color":"","background-image":"","background-repeat":"repeat","background-position":"center center","background-size":"auto","background-attachment":"scroll","background-type":"","background-media":"","overlay-type":"","overlay-color":"","overlay-opacity":"","overlay-gradient":""},"mobile":{"background-color":"","background-image":"","background-repeat":"repeat","background-position":"center center","background-size":"auto","background-attachment":"scroll","background-type":"","background-media":"","overlay-type":"","overlay-color":"","overlay-opacity":"","overlay-gradient":""}},"ast-content-background-meta":{"desktop":{"background-color":"var(--ast-global-color-5)","background-image":"","background-repeat":"repeat","background-position":"center center","background-size":"auto","background-attachment":"scroll","background-type":"","background-media":"","overlay-type":"","overlay-color":"","overlay-opacity":"","overlay-gradient":""},"tablet":{"background-color":"var(--ast-global-color-5)","background-image":"","background-repeat":"repeat","background-position":"center center","background-size":"auto","background-attachment":"scroll","background-type":"","background-media":"","overlay-type":"","overlay-color":"","overlay-opacity":"","overlay-gradient":""},"mobile":{"background-color":"var(--ast-global-color-5)","background-image":"","background-repeat":"repeat","background-position":"center center","background-size":"auto","background-attachment":"scroll","background-type":"","background-media":"","overlay-type":"","overlay-color":"","overlay-opacity":"","overlay-gradient":""}}},"product_brand":[],"product_cat":[33,40],"product_tag":[],"class_list":{"0":"post-2388","1":"product","2":"type-product","3":"status-publish","5":"product_cat-definir-los-ods-prioritarios","6":"product_cat-individual","7":"desktop-align-left","8":"tablet-align-left","9":"mobile-align-left","11":"first","12":"instock","13":"virtual","14":"taxable","15":"purchasable","16":"product-type-simple"},"yoast_head":"<!-- This site is optimized with the Yoast SEO plugin v27.4 - https:\/\/yoast.com\/product\/yoast-seo-wordpress\/ -->\n<title>MARCO DE PRIORIDADES - ODS<\/title>\n<meta name=\"robots\" content=\"index, follow, max-snippet:-1, max-image-preview:large, max-video-preview:-1\" \/>\n<link rel=\"canonical\" href=\"https:\/\/odsforbusiness.com\/en\/productos\/marco-de-prioridades\/\" \/>\n<meta property=\"og:locale\" content=\"en_US\" \/>\n<meta property=\"og:type\" content=\"article\" \/>\n<meta property=\"og:title\" content=\"MARCO DE PRIORIDADES - ODS\" \/>\n<meta property=\"og:description\" content=\"Una vez hemos concretado los ODS sobre los que trabajaremos, es momento de definir los temas prioritarios para cada uno de ellos en los que basaremos nuestra futura estrategia de sostenibilidad. En una sesi\u00f3n de trabajo de dise\u00f1o creativo con los diferentes stakeholders (que son los que aportan diferentes puntos de vista, intereses y objetivos [&hellip;]\" \/>\n<meta property=\"og:url\" content=\"https:\/\/odsforbusiness.com\/en\/productos\/marco-de-prioridades\/\" \/>\n<meta property=\"og:site_name\" content=\"ODS\" \/>\n<meta property=\"article:modified_time\" content=\"2023-10-28T20:30:30+00:00\" \/>\n<meta property=\"og:image\" content=\"https:\/\/odsforbusiness.com\/wp-content\/uploads\/2021\/11\/MARCO-DE-PRIORIDADES.jpg\" \/>\n\t<meta property=\"og:image:width\" content=\"904\" \/>\n\t<meta property=\"og:image:height\" content=\"318\" \/>\n\t<meta property=\"og:image:type\" content=\"image\/jpeg\" \/>\n<meta name=\"twitter:card\" content=\"summary_large_image\" \/>\n<meta name=\"twitter:label1\" content=\"Est. reading time\" \/>\n\t<meta name=\"twitter:data1\" content=\"1 minute\" \/>\n<script type=\"application\/ld+json\" class=\"yoast-schema-graph\">{\"@context\":\"https:\\\/\\\/schema.org\",\"@graph\":[{\"@type\":\"WebPage\",\"@id\":\"https:\\\/\\\/odsforbusiness.com\\\/productos\\\/marco-de-prioridades\\\/\",\"url\":\"https:\\\/\\\/odsforbusiness.com\\\/productos\\\/marco-de-prioridades\\\/\",\"name\":\"MARCO DE PRIORIDADES - ODS\",\"isPartOf\":{\"@id\":\"https:\\\/\\\/odsforbusiness.com\\\/#website\"},\"primaryImageOfPage\":{\"@id\":\"https:\\\/\\\/odsforbusiness.com\\\/productos\\\/marco-de-prioridades\\\/#primaryimage\"},\"image\":{\"@id\":\"https:\\\/\\\/odsforbusiness.com\\\/productos\\\/marco-de-prioridades\\\/#primaryimage\"},\"thumbnailUrl\":\"https:\\\/\\\/odsforbusiness.com\\\/wp-content\\\/uploads\\\/2021\\\/11\\\/MARCO-DE-PRIORIDADES-300x106.jpg\",\"datePublished\":\"2021-11-08T10:32:11+00:00\",\"dateModified\":\"2023-10-28T20:30:30+00:00\",\"breadcrumb\":{\"@id\":\"https:\\\/\\\/odsforbusiness.com\\\/productos\\\/marco-de-prioridades\\\/#breadcrumb\"},\"inLanguage\":\"en-US\",\"potentialAction\":[{\"@type\":\"ReadAction\",\"target\":[\"https:\\\/\\\/odsforbusiness.com\\\/productos\\\/marco-de-prioridades\\\/\"]}]},{\"@type\":\"ImageObject\",\"inLanguage\":\"en-US\",\"@id\":\"https:\\\/\\\/odsforbusiness.com\\\/productos\\\/marco-de-prioridades\\\/#primaryimage\",\"url\":\"https:\\\/\\\/odsforbusiness.com\\\/wp-content\\\/uploads\\\/2021\\\/11\\\/MARCO-DE-PRIORIDADES-300x106.jpg\",\"contentUrl\":\"https:\\\/\\\/odsforbusiness.com\\\/wp-content\\\/uploads\\\/2021\\\/11\\\/MARCO-DE-PRIORIDADES-300x106.jpg\"},{\"@type\":\"BreadcrumbList\",\"@id\":\"https:\\\/\\\/odsforbusiness.com\\\/productos\\\/marco-de-prioridades\\\/#breadcrumb\",\"itemListElement\":[{\"@type\":\"ListItem\",\"position\":1,\"name\":\"Portada\",\"item\":\"https:\\\/\\\/odsforbusiness.com\\\/\"},{\"@type\":\"ListItem\",\"position\":2,\"name\":\"Tienda\",\"item\":\"https:\\\/\\\/odsforbusiness.com\\\/tienda\\\/\"},{\"@type\":\"ListItem\",\"position\":3,\"name\":\"MARCO DE PRIORIDADES\"}]},{\"@type\":\"WebSite\",\"@id\":\"https:\\\/\\\/odsforbusiness.com\\\/#website\",\"url\":\"https:\\\/\\\/odsforbusiness.com\\\/\",\"name\":\"ODS\",\"description\":\"Objetivos de desarrollo sostenible y rentable.\",\"publisher\":{\"@id\":\"https:\\\/\\\/odsforbusiness.com\\\/#organization\"},\"potentialAction\":[{\"@type\":\"SearchAction\",\"target\":{\"@type\":\"EntryPoint\",\"urlTemplate\":\"https:\\\/\\\/odsforbusiness.com\\\/?s={search_term_string}\"},\"query-input\":{\"@type\":\"PropertyValueSpecification\",\"valueRequired\":true,\"valueName\":\"search_term_string\"}}],\"inLanguage\":\"en-US\"},{\"@type\":\"Organization\",\"@id\":\"https:\\\/\\\/odsforbusiness.com\\\/#organization\",\"name\":\"ODS\",\"alternateName\":\"Sostenibilidad y rentabilidad\",\"url\":\"https:\\\/\\\/odsforbusiness.com\\\/\",\"logo\":{\"@type\":\"ImageObject\",\"inLanguage\":\"en-US\",\"@id\":\"https:\\\/\\\/odsforbusiness.com\\\/#\\\/schema\\\/logo\\\/image\\\/\",\"url\":\"https:\\\/\\\/odsforbusiness.com\\\/wp-content\\\/uploads\\\/2021\\\/03\\\/ODS-logo.png\",\"contentUrl\":\"https:\\\/\\\/odsforbusiness.com\\\/wp-content\\\/uploads\\\/2021\\\/03\\\/ODS-logo.png\",\"width\":584,\"height\":295,\"caption\":\"ODS\"},\"image\":{\"@id\":\"https:\\\/\\\/odsforbusiness.com\\\/#\\\/schema\\\/logo\\\/image\\\/\"}}]}<\/script>\n<!-- \/ Yoast SEO plugin. -->","yoast_head_json":{"title":"MARCO DE PRIORIDADES - ODS","robots":{"index":"index","follow":"follow","max-snippet":"max-snippet:-1","max-image-preview":"max-image-preview:large","max-video-preview":"max-video-preview:-1"},"canonical":"https:\/\/odsforbusiness.com\/en\/productos\/marco-de-prioridades\/","og_locale":"en_US","og_type":"article","og_title":"MARCO DE PRIORIDADES - ODS","og_description":"Una vez hemos concretado los ODS sobre los que trabajaremos, es momento de definir los temas prioritarios para cada uno de ellos en los que basaremos nuestra futura estrategia de sostenibilidad. En una sesi\u00f3n de trabajo de dise\u00f1o creativo con los diferentes stakeholders (que son los que aportan diferentes puntos de vista, intereses y objetivos [&hellip;]","og_url":"https:\/\/odsforbusiness.com\/en\/productos\/marco-de-prioridades\/","og_site_name":"ODS","article_modified_time":"2023-10-28T20:30:30+00:00","og_image":[{"width":904,"height":318,"url":"https:\/\/odsforbusiness.com\/wp-content\/uploads\/2021\/11\/MARCO-DE-PRIORIDADES.jpg","type":"image\/jpeg"}],"twitter_card":"summary_large_image","twitter_misc":{"Est. reading time":"1 minute"},"schema":{"@context":"https:\/\/schema.org","@graph":[{"@type":"WebPage","@id":"https:\/\/odsforbusiness.com\/productos\/marco-de-prioridades\/","url":"https:\/\/odsforbusiness.com\/productos\/marco-de-prioridades\/","name":"MARCO DE PRIORIDADES - ODS","isPartOf":{"@id":"https:\/\/odsforbusiness.com\/#website"},"primaryImageOfPage":{"@id":"https:\/\/odsforbusiness.com\/productos\/marco-de-prioridades\/#primaryimage"},"image":{"@id":"https:\/\/odsforbusiness.com\/productos\/marco-de-prioridades\/#primaryimage"},"thumbnailUrl":"https:\/\/odsforbusiness.com\/wp-content\/uploads\/2021\/11\/MARCO-DE-PRIORIDADES-300x106.jpg","datePublished":"2021-11-08T10:32:11+00:00","dateModified":"2023-10-28T20:30:30+00:00","breadcrumb":{"@id":"https:\/\/odsforbusiness.com\/productos\/marco-de-prioridades\/#breadcrumb"},"inLanguage":"en-US","potentialAction":[{"@type":"ReadAction","target":["https:\/\/odsforbusiness.com\/productos\/marco-de-prioridades\/"]}]},{"@type":"ImageObject","inLanguage":"en-US","@id":"https:\/\/odsforbusiness.com\/productos\/marco-de-prioridades\/#primaryimage","url":"https:\/\/odsforbusiness.com\/wp-content\/uploads\/2021\/11\/MARCO-DE-PRIORIDADES-300x106.jpg","contentUrl":"https:\/\/odsforbusiness.com\/wp-content\/uploads\/2021\/11\/MARCO-DE-PRIORIDADES-300x106.jpg"},{"@type":"BreadcrumbList","@id":"https:\/\/odsforbusiness.com\/productos\/marco-de-prioridades\/#breadcrumb","itemListElement":[{"@type":"ListItem","position":1,"name":"Portada","item":"https:\/\/odsforbusiness.com\/"},{"@type":"ListItem","position":2,"name":"Tienda","item":"https:\/\/odsforbusiness.com\/tienda\/"},{"@type":"ListItem","position":3,"name":"MARCO DE PRIORIDADES"}]},{"@type":"WebSite","@id":"https:\/\/odsforbusiness.com\/#website","url":"https:\/\/odsforbusiness.com\/","name":"ODS","description":"Objetivos de desarrollo sostenible y rentable.","publisher":{"@id":"https:\/\/odsforbusiness.com\/#organization"},"potentialAction":[{"@type":"SearchAction","target":{"@type":"EntryPoint","urlTemplate":"https:\/\/odsforbusiness.com\/?s={search_term_string}"},"query-input":{"@type":"PropertyValueSpecification","valueRequired":true,"valueName":"search_term_string"}}],"inLanguage":"en-US"},{"@type":"Organization","@id":"https:\/\/odsforbusiness.com\/#organization","name":"ODS","alternateName":"Sostenibilidad y rentabilidad","url":"https:\/\/odsforbusiness.com\/","logo":{"@type":"ImageObject","inLanguage":"en-US","@id":"https:\/\/odsforbusiness.com\/#\/schema\/logo\/image\/","url":"https:\/\/odsforbusiness.com\/wp-content\/uploads\/2021\/03\/ODS-logo.png","contentUrl":"https:\/\/odsforbusiness.com\/wp-content\/uploads\/2021\/03\/ODS-logo.png","width":584,"height":295,"caption":"ODS"},"image":{"@id":"https:\/\/odsforbusiness.com\/#\/schema\/logo\/image\/"}}]}},"_links":{"self":[{"href":"https:\/\/odsforbusiness.com\/en\/wp-json\/wp\/v2\/product\/2388","targetHints":{"allow":["GET"]}}],"collection":[{"href":"https:\/\/odsforbusiness.com\/en\/wp-json\/wp\/v2\/product"}],"about":[{"href":"https:\/\/odsforbusiness.com\/en\/wp-json\/wp\/v2\/types\/product"}],"replies":[{"embeddable":true,"href":"https:\/\/odsforbusiness.com\/en\/wp-json\/wp\/v2\/comments?post=2388"}],"wp:attachment":[{"href":"https:\/\/odsforbusiness.com\/en\/wp-json\/wp\/v2\/media?parent=2388"}],"wp:term":[{"taxonomy":"product_brand","embeddable":true,"href":"https:\/\/odsforbusiness.com\/en\/wp-json\/wp\/v2\/product_brand?post=2388"},{"taxonomy":"product_cat","embeddable":true,"href":"https:\/\/odsforbusiness.com\/en\/wp-json\/wp\/v2\/product_cat?post=2388"},{"taxonomy":"product_tag","embeddable":true,"href":"https:\/\/odsforbusiness.com\/en\/wp-json\/wp\/v2\/product_tag?post=2388"}],"curies":[{"name":"wp","href":"https:\/\/api.w.org\/{rel}","templated":true}]}}