{"id":2399,"date":"2021-11-08T15:54:13","date_gmt":"2021-11-08T15:54:13","guid":{"rendered":"https:\/\/odsforbusiness.com\/?post_type=product&#038;p=2399"},"modified":"2023-10-28T20:29:55","modified_gmt":"2023-10-28T20:29:55","slug":"equipo-de-sostenibilidad","status":"publish","type":"product","link":"https:\/\/odsforbusiness.com\/en\/productos\/equipo-de-sostenibilidad\/","title":{"rendered":"EL EQUIPO DE SOSTENIBILIDAD"},"content":{"rendered":"<p>YA TENEMOS EL PLAN &#8230; es el momento de a\u00f1adir a las personas:<\/p>\n<ul>\n<li>\u00bfPersonal interno, recursos externos?<\/li>\n<li>\u00bfUn equipo externo al completo o parcial?<\/li>\n<li>\u00bfde qu\u00e9 departamento?<\/li>\n<li>\u00bfcuantos?<\/li>\n<\/ul>\n<p>Crearemos el equipo de sostenibilidad de la organizaci\u00f3n cruzando las \u00e1reas de trabajo m\u00e1s relevantes para la organizaci\u00f3n en materia de sostenibilidad con los stakeholders. Partimos para el an\u00e1lisis del <a href=\"https:\/\/odsforbusiness.com\/en\/productos\/mapa-de-grupos-de-interes\/\">Mapa de los GRUPOS DE INTER\u00c9S<\/a>, que define todos los principales stakeholders de la organizaci\u00f3n y de la <a href=\"https:\/\/odsforbusiness.com\/en\/productos\/matriz-de-materialidad\/\">MATRIZ DE MATERIALIDAD<\/a> que define las \u00e1reas de trabajo m\u00e1s importantes relacionadas con la sostenibilidad.<\/p>\n<table style=\"width: 100%\" border=\"1\">\n<tbody>\n<tr>\n<th style=\"width: 50%\"><img fetchpriority=\"high\" decoding=\"async\" class=\"alignnone size-medium wp-image-2400\" src=\"https:\/\/odsforbusiness.com\/wp-content\/uploads\/2021\/11\/EQUIPO-DE-SOSTENIBILIDAD-264x300.jpg\" alt=\"\" width=\"264\" height=\"300\" srcset=\"https:\/\/odsforbusiness.com\/wp-content\/uploads\/2021\/11\/EQUIPO-DE-SOSTENIBILIDAD-264x300.jpg 264w, https:\/\/odsforbusiness.com\/wp-content\/uploads\/2021\/11\/EQUIPO-DE-SOSTENIBILIDAD.jpg 400w\" sizes=\"(max-width: 264px) 100vw, 264px\" \/><\/th>\n<th style=\"width: 50%\">El proceso se completa y concreta en el documento de trabajo y conclusiones \u00abEquipo de Sostenibilidad\u00bb que presenta los stakeholders que se considera que debe\/n<br \/>\nformar parte de las decisiones en materia de sostenibilidad.<\/th>\n<\/tr>\n<\/tbody>\n<\/table>\n<p>&nbsp;<\/p>","protected":false},"excerpt":{"rendered":"<p>YA TENEMOS EL PLAN &#8230; es el momento de a\u00f1adir a las personas: \u00bfPersonal interno, recursos externos? \u00bfUn equipo externo al completo o parcial? \u00bfde qu\u00e9 departamento? \u00bfcuantos? Crearemos el equipo de sostenibilidad de la organizaci\u00f3n cruzando las \u00e1reas de trabajo m\u00e1s relevantes para la organizaci\u00f3n en materia de sostenibilidad con los stakeholders. Partimos para [&hellip;]<\/p>\n","protected":false},"featured_media":0,"comment_status":"open","ping_status":"closed","template":"","meta":{"site-sidebar-layout":"default","site-content-layout":"default","ast-site-content-layout":"default","site-content-style":"default","site-sidebar-style":"default","ast-global-header-display":"","ast-banner-title-visibility":"","ast-main-header-display":"","ast-hfb-above-header-display":"","ast-hfb-below-header-display":"","ast-hfb-mobile-header-display":"","site-post-title":"","ast-breadcrumbs-content":"","ast-featured-img":"","footer-sml-layout":"","ast-disable-related-posts":"","theme-transparent-header-meta":"default","adv-header-id-meta":"","stick-header-meta":"","header-above-stick-meta":"","header-main-stick-meta":"","header-below-stick-meta":"","astra-migrate-meta-layouts":"default","ast-page-background-enabled":"default","ast-page-background-meta":{"desktop":{"background-color":"","background-image":"","background-repeat":"repeat","background-position":"center center","background-size":"auto","background-attachment":"scroll","background-type":"","background-media":"","overlay-type":"","overlay-color":"","overlay-opacity":"","overlay-gradient":""},"tablet":{"background-color":"","background-image":"","background-repeat":"repeat","background-position":"center center","background-size":"auto","background-attachment":"scroll","background-type":"","background-media":"","overlay-type":"","overlay-color":"","overlay-opacity":"","overlay-gradient":""},"mobile":{"background-color":"","background-image":"","background-repeat":"repeat","background-position":"center center","background-size":"auto","background-attachment":"scroll","background-type":"","background-media":"","overlay-type":"","overlay-color":"","overlay-opacity":"","overlay-gradient":""}},"ast-content-background-meta":{"desktop":{"background-color":"var(--ast-global-color-5)","background-image":"","background-repeat":"repeat","background-position":"center center","background-size":"auto","background-attachment":"scroll","background-type":"","background-media":"","overlay-type":"","overlay-color":"","overlay-opacity":"","overlay-gradient":""},"tablet":{"background-color":"var(--ast-global-color-5)","background-image":"","background-repeat":"repeat","background-position":"center center","background-size":"auto","background-attachment":"scroll","background-type":"","background-media":"","overlay-type":"","overlay-color":"","overlay-opacity":"","overlay-gradient":""},"mobile":{"background-color":"var(--ast-global-color-5)","background-image":"","background-repeat":"repeat","background-position":"center center","background-size":"auto","background-attachment":"scroll","background-type":"","background-media":"","overlay-type":"","overlay-color":"","overlay-opacity":"","overlay-gradient":""}}},"product_brand":[],"product_cat":[40,35],"product_tag":[],"class_list":{"0":"post-2399","1":"product","2":"type-product","3":"status-publish","5":"product_cat-individual","6":"product_cat-integrar","7":"desktop-align-left","8":"tablet-align-left","9":"mobile-align-left","11":"first","12":"instock","13":"virtual","14":"taxable","15":"purchasable","16":"product-type-simple"},"yoast_head":"<!-- This site is optimized with the Yoast SEO plugin v27.4 - https:\/\/yoast.com\/product\/yoast-seo-wordpress\/ -->\n<title>EL EQUIPO DE SOSTENIBILIDAD - ODS<\/title>\n<meta name=\"robots\" content=\"index, follow, max-snippet:-1, max-image-preview:large, max-video-preview:-1\" \/>\n<link rel=\"canonical\" href=\"https:\/\/odsforbusiness.com\/en\/productos\/equipo-de-sostenibilidad\/\" \/>\n<meta property=\"og:locale\" content=\"en_US\" \/>\n<meta property=\"og:type\" content=\"article\" \/>\n<meta property=\"og:title\" content=\"EL EQUIPO DE SOSTENIBILIDAD - ODS\" \/>\n<meta property=\"og:description\" content=\"YA TENEMOS EL PLAN &#8230; es el momento de a\u00f1adir a las personas: \u00bfPersonal interno, recursos externos? \u00bfUn equipo externo al completo o parcial? \u00bfde qu\u00e9 departamento? \u00bfcuantos? Crearemos el equipo de sostenibilidad de la organizaci\u00f3n cruzando las \u00e1reas de trabajo m\u00e1s relevantes para la organizaci\u00f3n en materia de sostenibilidad con los stakeholders. Partimos para [&hellip;]\" \/>\n<meta property=\"og:url\" content=\"https:\/\/odsforbusiness.com\/en\/productos\/equipo-de-sostenibilidad\/\" \/>\n<meta property=\"og:site_name\" content=\"ODS\" \/>\n<meta property=\"article:modified_time\" content=\"2023-10-28T20:29:55+00:00\" \/>\n<meta property=\"og:image\" content=\"https:\/\/odsforbusiness.com\/wp-content\/uploads\/2021\/11\/EQUIPO-DE-SOSTENIBILIDAD.jpg\" \/>\n\t<meta property=\"og:image:width\" content=\"400\" \/>\n\t<meta property=\"og:image:height\" content=\"455\" \/>\n\t<meta property=\"og:image:type\" content=\"image\/jpeg\" \/>\n<meta name=\"twitter:card\" content=\"summary_large_image\" \/>\n<meta name=\"twitter:label1\" content=\"Est. reading time\" \/>\n\t<meta name=\"twitter:data1\" content=\"1 minute\" \/>\n<script type=\"application\/ld+json\" class=\"yoast-schema-graph\">{\"@context\":\"https:\\\/\\\/schema.org\",\"@graph\":[{\"@type\":\"WebPage\",\"@id\":\"https:\\\/\\\/odsforbusiness.com\\\/productos\\\/equipo-de-sostenibilidad\\\/\",\"url\":\"https:\\\/\\\/odsforbusiness.com\\\/productos\\\/equipo-de-sostenibilidad\\\/\",\"name\":\"EL EQUIPO DE SOSTENIBILIDAD - ODS\",\"isPartOf\":{\"@id\":\"https:\\\/\\\/odsforbusiness.com\\\/#website\"},\"primaryImageOfPage\":{\"@id\":\"https:\\\/\\\/odsforbusiness.com\\\/productos\\\/equipo-de-sostenibilidad\\\/#primaryimage\"},\"image\":{\"@id\":\"https:\\\/\\\/odsforbusiness.com\\\/productos\\\/equipo-de-sostenibilidad\\\/#primaryimage\"},\"thumbnailUrl\":\"https:\\\/\\\/odsforbusiness.com\\\/wp-content\\\/uploads\\\/2021\\\/11\\\/EQUIPO-DE-SOSTENIBILIDAD-264x300.jpg\",\"datePublished\":\"2021-11-08T15:54:13+00:00\",\"dateModified\":\"2023-10-28T20:29:55+00:00\",\"breadcrumb\":{\"@id\":\"https:\\\/\\\/odsforbusiness.com\\\/productos\\\/equipo-de-sostenibilidad\\\/#breadcrumb\"},\"inLanguage\":\"en-US\",\"potentialAction\":[{\"@type\":\"ReadAction\",\"target\":[\"https:\\\/\\\/odsforbusiness.com\\\/productos\\\/equipo-de-sostenibilidad\\\/\"]}]},{\"@type\":\"ImageObject\",\"inLanguage\":\"en-US\",\"@id\":\"https:\\\/\\\/odsforbusiness.com\\\/productos\\\/equipo-de-sostenibilidad\\\/#primaryimage\",\"url\":\"https:\\\/\\\/odsforbusiness.com\\\/wp-content\\\/uploads\\\/2021\\\/11\\\/EQUIPO-DE-SOSTENIBILIDAD-264x300.jpg\",\"contentUrl\":\"https:\\\/\\\/odsforbusiness.com\\\/wp-content\\\/uploads\\\/2021\\\/11\\\/EQUIPO-DE-SOSTENIBILIDAD-264x300.jpg\"},{\"@type\":\"BreadcrumbList\",\"@id\":\"https:\\\/\\\/odsforbusiness.com\\\/productos\\\/equipo-de-sostenibilidad\\\/#breadcrumb\",\"itemListElement\":[{\"@type\":\"ListItem\",\"position\":1,\"name\":\"Portada\",\"item\":\"https:\\\/\\\/odsforbusiness.com\\\/\"},{\"@type\":\"ListItem\",\"position\":2,\"name\":\"Tienda\",\"item\":\"https:\\\/\\\/odsforbusiness.com\\\/tienda\\\/\"},{\"@type\":\"ListItem\",\"position\":3,\"name\":\"EL EQUIPO DE SOSTENIBILIDAD\"}]},{\"@type\":\"WebSite\",\"@id\":\"https:\\\/\\\/odsforbusiness.com\\\/#website\",\"url\":\"https:\\\/\\\/odsforbusiness.com\\\/\",\"name\":\"ODS\",\"description\":\"Objetivos de desarrollo sostenible y rentable.\",\"publisher\":{\"@id\":\"https:\\\/\\\/odsforbusiness.com\\\/#organization\"},\"potentialAction\":[{\"@type\":\"SearchAction\",\"target\":{\"@type\":\"EntryPoint\",\"urlTemplate\":\"https:\\\/\\\/odsforbusiness.com\\\/?s={search_term_string}\"},\"query-input\":{\"@type\":\"PropertyValueSpecification\",\"valueRequired\":true,\"valueName\":\"search_term_string\"}}],\"inLanguage\":\"en-US\"},{\"@type\":\"Organization\",\"@id\":\"https:\\\/\\\/odsforbusiness.com\\\/#organization\",\"name\":\"ODS\",\"alternateName\":\"Sostenibilidad y rentabilidad\",\"url\":\"https:\\\/\\\/odsforbusiness.com\\\/\",\"logo\":{\"@type\":\"ImageObject\",\"inLanguage\":\"en-US\",\"@id\":\"https:\\\/\\\/odsforbusiness.com\\\/#\\\/schema\\\/logo\\\/image\\\/\",\"url\":\"https:\\\/\\\/odsforbusiness.com\\\/wp-content\\\/uploads\\\/2021\\\/03\\\/ODS-logo.png\",\"contentUrl\":\"https:\\\/\\\/odsforbusiness.com\\\/wp-content\\\/uploads\\\/2021\\\/03\\\/ODS-logo.png\",\"width\":584,\"height\":295,\"caption\":\"ODS\"},\"image\":{\"@id\":\"https:\\\/\\\/odsforbusiness.com\\\/#\\\/schema\\\/logo\\\/image\\\/\"}}]}<\/script>\n<!-- \/ Yoast SEO plugin. -->","yoast_head_json":{"title":"EL EQUIPO DE SOSTENIBILIDAD - ODS","robots":{"index":"index","follow":"follow","max-snippet":"max-snippet:-1","max-image-preview":"max-image-preview:large","max-video-preview":"max-video-preview:-1"},"canonical":"https:\/\/odsforbusiness.com\/en\/productos\/equipo-de-sostenibilidad\/","og_locale":"en_US","og_type":"article","og_title":"EL EQUIPO DE SOSTENIBILIDAD - ODS","og_description":"YA TENEMOS EL PLAN &#8230; es el momento de a\u00f1adir a las personas: \u00bfPersonal interno, recursos externos? \u00bfUn equipo externo al completo o parcial? \u00bfde qu\u00e9 departamento? \u00bfcuantos? Crearemos el equipo de sostenibilidad de la organizaci\u00f3n cruzando las \u00e1reas de trabajo m\u00e1s relevantes para la organizaci\u00f3n en materia de sostenibilidad con los stakeholders. Partimos para [&hellip;]","og_url":"https:\/\/odsforbusiness.com\/en\/productos\/equipo-de-sostenibilidad\/","og_site_name":"ODS","article_modified_time":"2023-10-28T20:29:55+00:00","og_image":[{"width":400,"height":455,"url":"https:\/\/odsforbusiness.com\/wp-content\/uploads\/2021\/11\/EQUIPO-DE-SOSTENIBILIDAD.jpg","type":"image\/jpeg"}],"twitter_card":"summary_large_image","twitter_misc":{"Est. reading time":"1 minute"},"schema":{"@context":"https:\/\/schema.org","@graph":[{"@type":"WebPage","@id":"https:\/\/odsforbusiness.com\/productos\/equipo-de-sostenibilidad\/","url":"https:\/\/odsforbusiness.com\/productos\/equipo-de-sostenibilidad\/","name":"EL EQUIPO DE SOSTENIBILIDAD - ODS","isPartOf":{"@id":"https:\/\/odsforbusiness.com\/#website"},"primaryImageOfPage":{"@id":"https:\/\/odsforbusiness.com\/productos\/equipo-de-sostenibilidad\/#primaryimage"},"image":{"@id":"https:\/\/odsforbusiness.com\/productos\/equipo-de-sostenibilidad\/#primaryimage"},"thumbnailUrl":"https:\/\/odsforbusiness.com\/wp-content\/uploads\/2021\/11\/EQUIPO-DE-SOSTENIBILIDAD-264x300.jpg","datePublished":"2021-11-08T15:54:13+00:00","dateModified":"2023-10-28T20:29:55+00:00","breadcrumb":{"@id":"https:\/\/odsforbusiness.com\/productos\/equipo-de-sostenibilidad\/#breadcrumb"},"inLanguage":"en-US","potentialAction":[{"@type":"ReadAction","target":["https:\/\/odsforbusiness.com\/productos\/equipo-de-sostenibilidad\/"]}]},{"@type":"ImageObject","inLanguage":"en-US","@id":"https:\/\/odsforbusiness.com\/productos\/equipo-de-sostenibilidad\/#primaryimage","url":"https:\/\/odsforbusiness.com\/wp-content\/uploads\/2021\/11\/EQUIPO-DE-SOSTENIBILIDAD-264x300.jpg","contentUrl":"https:\/\/odsforbusiness.com\/wp-content\/uploads\/2021\/11\/EQUIPO-DE-SOSTENIBILIDAD-264x300.jpg"},{"@type":"BreadcrumbList","@id":"https:\/\/odsforbusiness.com\/productos\/equipo-de-sostenibilidad\/#breadcrumb","itemListElement":[{"@type":"ListItem","position":1,"name":"Portada","item":"https:\/\/odsforbusiness.com\/"},{"@type":"ListItem","position":2,"name":"Tienda","item":"https:\/\/odsforbusiness.com\/tienda\/"},{"@type":"ListItem","position":3,"name":"EL EQUIPO DE SOSTENIBILIDAD"}]},{"@type":"WebSite","@id":"https:\/\/odsforbusiness.com\/#website","url":"https:\/\/odsforbusiness.com\/","name":"ODS","description":"Objetivos de desarrollo sostenible y rentable.","publisher":{"@id":"https:\/\/odsforbusiness.com\/#organization"},"potentialAction":[{"@type":"SearchAction","target":{"@type":"EntryPoint","urlTemplate":"https:\/\/odsforbusiness.com\/?s={search_term_string}"},"query-input":{"@type":"PropertyValueSpecification","valueRequired":true,"valueName":"search_term_string"}}],"inLanguage":"en-US"},{"@type":"Organization","@id":"https:\/\/odsforbusiness.com\/#organization","name":"ODS","alternateName":"Sostenibilidad y rentabilidad","url":"https:\/\/odsforbusiness.com\/","logo":{"@type":"ImageObject","inLanguage":"en-US","@id":"https:\/\/odsforbusiness.com\/#\/schema\/logo\/image\/","url":"https:\/\/odsforbusiness.com\/wp-content\/uploads\/2021\/03\/ODS-logo.png","contentUrl":"https:\/\/odsforbusiness.com\/wp-content\/uploads\/2021\/03\/ODS-logo.png","width":584,"height":295,"caption":"ODS"},"image":{"@id":"https:\/\/odsforbusiness.com\/#\/schema\/logo\/image\/"}}]}},"_links":{"self":[{"href":"https:\/\/odsforbusiness.com\/en\/wp-json\/wp\/v2\/product\/2399","targetHints":{"allow":["GET"]}}],"collection":[{"href":"https:\/\/odsforbusiness.com\/en\/wp-json\/wp\/v2\/product"}],"about":[{"href":"https:\/\/odsforbusiness.com\/en\/wp-json\/wp\/v2\/types\/product"}],"replies":[{"embeddable":true,"href":"https:\/\/odsforbusiness.com\/en\/wp-json\/wp\/v2\/comments?post=2399"}],"wp:attachment":[{"href":"https:\/\/odsforbusiness.com\/en\/wp-json\/wp\/v2\/media?parent=2399"}],"wp:term":[{"taxonomy":"product_brand","embeddable":true,"href":"https:\/\/odsforbusiness.com\/en\/wp-json\/wp\/v2\/product_brand?post=2399"},{"taxonomy":"product_cat","embeddable":true,"href":"https:\/\/odsforbusiness.com\/en\/wp-json\/wp\/v2\/product_cat?post=2399"},{"taxonomy":"product_tag","embeddable":true,"href":"https:\/\/odsforbusiness.com\/en\/wp-json\/wp\/v2\/product_tag?post=2399"}],"curies":[{"name":"wp","href":"https:\/\/api.w.org\/{rel}","templated":true}]}}