{"id":2416,"date":"2021-11-08T17:24:47","date_gmt":"2021-11-08T17:24:47","guid":{"rendered":"https:\/\/odsforbusiness.com\/?post_type=product&#038;p=2416"},"modified":"2023-10-28T20:29:23","modified_gmt":"2023-10-28T20:29:23","slug":"custodios-de-kpis","status":"publish","type":"product","link":"https:\/\/odsforbusiness.com\/en\/productos\/custodios-de-kpis\/","title":{"rendered":"AN\u00c1LISIS DE CUSTODIOS"},"content":{"rendered":"<p>Ya hemos definido<\/p>\n<ul>\n<li>los ODS con los que trabajaremos nuestra estrategia de sostenibilidad,<\/li>\n<li>el \u00e1rea prioritaria para un ODS concreto,<\/li>\n<li>el indicador que garantiza su monitorizaci\u00f3n<\/li>\n<li>las actividades que vamos a realizar asociadas a cada indicador<\/li>\n<li>los KPIs (KEY PERFORMANCE INDICADORES) que nos permiten medir cada una de las actividades.<\/li>\n<\/ul>\n<p>Partimos del an\u00e1lisis del documento <a href=\"https:\/\/odsforbusiness.com\/en\/productos\/plano-de-kpis\/\">PLANO DE KPIS <\/a>que presenta de forma visual el detalle del an\u00e1lisis de las actividades asociadas a un determinado indicador, c\u00f3mo mediremos su evoluci\u00f3n y las fechas de consecuci\u00f3n de logros.<\/p>\n<p>En este documento, y trabajando con administraci\u00f3n y gestores a\u00f1adiremos el responsable de suministrar los datos para que podamos obtener estos KPIs.<\/p>\n<table style=\"width: 100%\" border=\"1\">\n<tbody>\n<tr>\n<th style=\"width: 50%\"><img fetchpriority=\"high\" decoding=\"async\" class=\"alignnone size-medium wp-image-2417\" src=\"https:\/\/odsforbusiness.com\/wp-content\/uploads\/2021\/11\/CUSTODIOS-de-KPIS-300x200.jpg\" alt=\"\" width=\"300\" height=\"200\" srcset=\"https:\/\/odsforbusiness.com\/wp-content\/uploads\/2021\/11\/CUSTODIOS-de-KPIS-300x200.jpg 300w, https:\/\/odsforbusiness.com\/wp-content\/uploads\/2021\/11\/CUSTODIOS-de-KPIS.jpg 422w\" sizes=\"(max-width: 300px) 100vw, 300px\" \/><\/th>\n<th style=\"width: 50%\">El proceso se completa y concreta en el documento de trabajo y conclusiones \u00abCustodios de KPIs\u00bb que incluye el resumen de las actividades asociadas a un determinado indicador, y de cual es el custodio responsable de suministrar los datos.<\/th>\n<\/tr>\n<\/tbody>\n<\/table>","protected":false},"excerpt":{"rendered":"<p>Ya hemos definido los ODS con los que trabajaremos nuestra estrategia de sostenibilidad, el \u00e1rea prioritaria para un ODS concreto, el indicador que garantiza su monitorizaci\u00f3n las actividades que vamos a realizar asociadas a cada indicador los KPIs (KEY PERFORMANCE INDICADORES) que nos permiten medir cada una de las actividades. Partimos del an\u00e1lisis del documento [&hellip;]<\/p>\n","protected":false},"featured_media":0,"comment_status":"open","ping_status":"closed","template":"","meta":{"site-sidebar-layout":"default","site-content-layout":"default","ast-site-content-layout":"default","site-content-style":"default","site-sidebar-style":"default","ast-global-header-display":"","ast-banner-title-visibility":"","ast-main-header-display":"","ast-hfb-above-header-display":"","ast-hfb-below-header-display":"","ast-hfb-mobile-header-display":"","site-post-title":"","ast-breadcrumbs-content":"","ast-featured-img":"","footer-sml-layout":"","ast-disable-related-posts":"","theme-transparent-header-meta":"default","adv-header-id-meta":"","stick-header-meta":"","header-above-stick-meta":"","header-main-stick-meta":"","header-below-stick-meta":"","astra-migrate-meta-layouts":"default","ast-page-background-enabled":"default","ast-page-background-meta":{"desktop":{"background-color":"","background-image":"","background-repeat":"repeat","background-position":"center center","background-size":"auto","background-attachment":"scroll","background-type":"","background-media":"","overlay-type":"","overlay-color":"","overlay-opacity":"","overlay-gradient":""},"tablet":{"background-color":"","background-image":"","background-repeat":"repeat","background-position":"center center","background-size":"auto","background-attachment":"scroll","background-type":"","background-media":"","overlay-type":"","overlay-color":"","overlay-opacity":"","overlay-gradient":""},"mobile":{"background-color":"","background-image":"","background-repeat":"repeat","background-position":"center center","background-size":"auto","background-attachment":"scroll","background-type":"","background-media":"","overlay-type":"","overlay-color":"","overlay-opacity":"","overlay-gradient":""}},"ast-content-background-meta":{"desktop":{"background-color":"var(--ast-global-color-5)","background-image":"","background-repeat":"repeat","background-position":"center center","background-size":"auto","background-attachment":"scroll","background-type":"","background-media":"","overlay-type":"","overlay-color":"","overlay-opacity":"","overlay-gradient":""},"tablet":{"background-color":"var(--ast-global-color-5)","background-image":"","background-repeat":"repeat","background-position":"center center","background-size":"auto","background-attachment":"scroll","background-type":"","background-media":"","overlay-type":"","overlay-color":"","overlay-opacity":"","overlay-gradient":""},"mobile":{"background-color":"var(--ast-global-color-5)","background-image":"","background-repeat":"repeat","background-position":"center center","background-size":"auto","background-attachment":"scroll","background-type":"","background-media":"","overlay-type":"","overlay-color":"","overlay-opacity":"","overlay-gradient":""}}},"product_brand":[],"product_cat":[34,40],"product_tag":[],"class_list":{"0":"post-2416","1":"product","2":"type-product","3":"status-publish","5":"product_cat-establecer-metas-e-indicadores","6":"product_cat-individual","7":"desktop-align-left","8":"tablet-align-left","9":"mobile-align-left","11":"first","12":"instock","13":"virtual","14":"taxable","15":"purchasable","16":"product-type-simple"},"yoast_head":"<!-- This site is optimized with the Yoast SEO plugin v27.4 - https:\/\/yoast.com\/product\/yoast-seo-wordpress\/ -->\n<title>AN\u00c1LISIS DE CUSTODIOS - ODS<\/title>\n<meta name=\"robots\" content=\"index, follow, max-snippet:-1, max-image-preview:large, max-video-preview:-1\" \/>\n<link rel=\"canonical\" href=\"https:\/\/odsforbusiness.com\/en\/productos\/custodios-de-kpis\/\" \/>\n<meta property=\"og:locale\" content=\"en_US\" \/>\n<meta property=\"og:type\" content=\"article\" \/>\n<meta property=\"og:title\" content=\"AN\u00c1LISIS DE CUSTODIOS - ODS\" \/>\n<meta property=\"og:description\" content=\"Ya hemos definido los ODS con los que trabajaremos nuestra estrategia de sostenibilidad, el \u00e1rea prioritaria para un ODS concreto, el indicador que garantiza su monitorizaci\u00f3n las actividades que vamos a realizar asociadas a cada indicador los KPIs (KEY PERFORMANCE INDICADORES) que nos permiten medir cada una de las actividades. Partimos del an\u00e1lisis del documento [&hellip;]\" \/>\n<meta property=\"og:url\" content=\"https:\/\/odsforbusiness.com\/en\/productos\/custodios-de-kpis\/\" \/>\n<meta property=\"og:site_name\" content=\"ODS\" \/>\n<meta property=\"article:modified_time\" content=\"2023-10-28T20:29:23+00:00\" \/>\n<meta property=\"og:image\" content=\"https:\/\/odsforbusiness.com\/wp-content\/uploads\/2021\/11\/CUSTODIOS-de-KPIS.jpg\" \/>\n\t<meta property=\"og:image:width\" content=\"422\" \/>\n\t<meta property=\"og:image:height\" content=\"281\" \/>\n\t<meta property=\"og:image:type\" content=\"image\/jpeg\" \/>\n<meta name=\"twitter:card\" content=\"summary_large_image\" \/>\n<meta name=\"twitter:label1\" content=\"Est. reading time\" \/>\n\t<meta name=\"twitter:data1\" content=\"1 minute\" \/>\n<script type=\"application\/ld+json\" class=\"yoast-schema-graph\">{\"@context\":\"https:\\\/\\\/schema.org\",\"@graph\":[{\"@type\":\"WebPage\",\"@id\":\"https:\\\/\\\/odsforbusiness.com\\\/productos\\\/custodios-de-kpis\\\/\",\"url\":\"https:\\\/\\\/odsforbusiness.com\\\/productos\\\/custodios-de-kpis\\\/\",\"name\":\"AN\u00c1LISIS DE CUSTODIOS - ODS\",\"isPartOf\":{\"@id\":\"https:\\\/\\\/odsforbusiness.com\\\/#website\"},\"primaryImageOfPage\":{\"@id\":\"https:\\\/\\\/odsforbusiness.com\\\/productos\\\/custodios-de-kpis\\\/#primaryimage\"},\"image\":{\"@id\":\"https:\\\/\\\/odsforbusiness.com\\\/productos\\\/custodios-de-kpis\\\/#primaryimage\"},\"thumbnailUrl\":\"https:\\\/\\\/odsforbusiness.com\\\/wp-content\\\/uploads\\\/2021\\\/11\\\/CUSTODIOS-de-KPIS-300x200.jpg\",\"datePublished\":\"2021-11-08T17:24:47+00:00\",\"dateModified\":\"2023-10-28T20:29:23+00:00\",\"breadcrumb\":{\"@id\":\"https:\\\/\\\/odsforbusiness.com\\\/productos\\\/custodios-de-kpis\\\/#breadcrumb\"},\"inLanguage\":\"en-US\",\"potentialAction\":[{\"@type\":\"ReadAction\",\"target\":[\"https:\\\/\\\/odsforbusiness.com\\\/productos\\\/custodios-de-kpis\\\/\"]}]},{\"@type\":\"ImageObject\",\"inLanguage\":\"en-US\",\"@id\":\"https:\\\/\\\/odsforbusiness.com\\\/productos\\\/custodios-de-kpis\\\/#primaryimage\",\"url\":\"https:\\\/\\\/odsforbusiness.com\\\/wp-content\\\/uploads\\\/2021\\\/11\\\/CUSTODIOS-de-KPIS-300x200.jpg\",\"contentUrl\":\"https:\\\/\\\/odsforbusiness.com\\\/wp-content\\\/uploads\\\/2021\\\/11\\\/CUSTODIOS-de-KPIS-300x200.jpg\"},{\"@type\":\"BreadcrumbList\",\"@id\":\"https:\\\/\\\/odsforbusiness.com\\\/productos\\\/custodios-de-kpis\\\/#breadcrumb\",\"itemListElement\":[{\"@type\":\"ListItem\",\"position\":1,\"name\":\"Portada\",\"item\":\"https:\\\/\\\/odsforbusiness.com\\\/\"},{\"@type\":\"ListItem\",\"position\":2,\"name\":\"Tienda\",\"item\":\"https:\\\/\\\/odsforbusiness.com\\\/tienda\\\/\"},{\"@type\":\"ListItem\",\"position\":3,\"name\":\"AN\u00c1LISIS DE CUSTODIOS\"}]},{\"@type\":\"WebSite\",\"@id\":\"https:\\\/\\\/odsforbusiness.com\\\/#website\",\"url\":\"https:\\\/\\\/odsforbusiness.com\\\/\",\"name\":\"ODS\",\"description\":\"Objetivos de desarrollo sostenible y rentable.\",\"publisher\":{\"@id\":\"https:\\\/\\\/odsforbusiness.com\\\/#organization\"},\"potentialAction\":[{\"@type\":\"SearchAction\",\"target\":{\"@type\":\"EntryPoint\",\"urlTemplate\":\"https:\\\/\\\/odsforbusiness.com\\\/?s={search_term_string}\"},\"query-input\":{\"@type\":\"PropertyValueSpecification\",\"valueRequired\":true,\"valueName\":\"search_term_string\"}}],\"inLanguage\":\"en-US\"},{\"@type\":\"Organization\",\"@id\":\"https:\\\/\\\/odsforbusiness.com\\\/#organization\",\"name\":\"ODS\",\"alternateName\":\"Sostenibilidad y rentabilidad\",\"url\":\"https:\\\/\\\/odsforbusiness.com\\\/\",\"logo\":{\"@type\":\"ImageObject\",\"inLanguage\":\"en-US\",\"@id\":\"https:\\\/\\\/odsforbusiness.com\\\/#\\\/schema\\\/logo\\\/image\\\/\",\"url\":\"https:\\\/\\\/odsforbusiness.com\\\/wp-content\\\/uploads\\\/2021\\\/03\\\/ODS-logo.png\",\"contentUrl\":\"https:\\\/\\\/odsforbusiness.com\\\/wp-content\\\/uploads\\\/2021\\\/03\\\/ODS-logo.png\",\"width\":584,\"height\":295,\"caption\":\"ODS\"},\"image\":{\"@id\":\"https:\\\/\\\/odsforbusiness.com\\\/#\\\/schema\\\/logo\\\/image\\\/\"}}]}<\/script>\n<!-- \/ Yoast SEO plugin. -->","yoast_head_json":{"title":"AN\u00c1LISIS DE CUSTODIOS - ODS","robots":{"index":"index","follow":"follow","max-snippet":"max-snippet:-1","max-image-preview":"max-image-preview:large","max-video-preview":"max-video-preview:-1"},"canonical":"https:\/\/odsforbusiness.com\/en\/productos\/custodios-de-kpis\/","og_locale":"en_US","og_type":"article","og_title":"AN\u00c1LISIS DE CUSTODIOS - ODS","og_description":"Ya hemos definido los ODS con los que trabajaremos nuestra estrategia de sostenibilidad, el \u00e1rea prioritaria para un ODS concreto, el indicador que garantiza su monitorizaci\u00f3n las actividades que vamos a realizar asociadas a cada indicador los KPIs (KEY PERFORMANCE INDICADORES) que nos permiten medir cada una de las actividades. Partimos del an\u00e1lisis del documento [&hellip;]","og_url":"https:\/\/odsforbusiness.com\/en\/productos\/custodios-de-kpis\/","og_site_name":"ODS","article_modified_time":"2023-10-28T20:29:23+00:00","og_image":[{"width":422,"height":281,"url":"https:\/\/odsforbusiness.com\/wp-content\/uploads\/2021\/11\/CUSTODIOS-de-KPIS.jpg","type":"image\/jpeg"}],"twitter_card":"summary_large_image","twitter_misc":{"Est. reading time":"1 minute"},"schema":{"@context":"https:\/\/schema.org","@graph":[{"@type":"WebPage","@id":"https:\/\/odsforbusiness.com\/productos\/custodios-de-kpis\/","url":"https:\/\/odsforbusiness.com\/productos\/custodios-de-kpis\/","name":"AN\u00c1LISIS DE CUSTODIOS - ODS","isPartOf":{"@id":"https:\/\/odsforbusiness.com\/#website"},"primaryImageOfPage":{"@id":"https:\/\/odsforbusiness.com\/productos\/custodios-de-kpis\/#primaryimage"},"image":{"@id":"https:\/\/odsforbusiness.com\/productos\/custodios-de-kpis\/#primaryimage"},"thumbnailUrl":"https:\/\/odsforbusiness.com\/wp-content\/uploads\/2021\/11\/CUSTODIOS-de-KPIS-300x200.jpg","datePublished":"2021-11-08T17:24:47+00:00","dateModified":"2023-10-28T20:29:23+00:00","breadcrumb":{"@id":"https:\/\/odsforbusiness.com\/productos\/custodios-de-kpis\/#breadcrumb"},"inLanguage":"en-US","potentialAction":[{"@type":"ReadAction","target":["https:\/\/odsforbusiness.com\/productos\/custodios-de-kpis\/"]}]},{"@type":"ImageObject","inLanguage":"en-US","@id":"https:\/\/odsforbusiness.com\/productos\/custodios-de-kpis\/#primaryimage","url":"https:\/\/odsforbusiness.com\/wp-content\/uploads\/2021\/11\/CUSTODIOS-de-KPIS-300x200.jpg","contentUrl":"https:\/\/odsforbusiness.com\/wp-content\/uploads\/2021\/11\/CUSTODIOS-de-KPIS-300x200.jpg"},{"@type":"BreadcrumbList","@id":"https:\/\/odsforbusiness.com\/productos\/custodios-de-kpis\/#breadcrumb","itemListElement":[{"@type":"ListItem","position":1,"name":"Portada","item":"https:\/\/odsforbusiness.com\/"},{"@type":"ListItem","position":2,"name":"Tienda","item":"https:\/\/odsforbusiness.com\/tienda\/"},{"@type":"ListItem","position":3,"name":"AN\u00c1LISIS DE CUSTODIOS"}]},{"@type":"WebSite","@id":"https:\/\/odsforbusiness.com\/#website","url":"https:\/\/odsforbusiness.com\/","name":"ODS","description":"Objetivos de desarrollo sostenible y rentable.","publisher":{"@id":"https:\/\/odsforbusiness.com\/#organization"},"potentialAction":[{"@type":"SearchAction","target":{"@type":"EntryPoint","urlTemplate":"https:\/\/odsforbusiness.com\/?s={search_term_string}"},"query-input":{"@type":"PropertyValueSpecification","valueRequired":true,"valueName":"search_term_string"}}],"inLanguage":"en-US"},{"@type":"Organization","@id":"https:\/\/odsforbusiness.com\/#organization","name":"ODS","alternateName":"Sostenibilidad y rentabilidad","url":"https:\/\/odsforbusiness.com\/","logo":{"@type":"ImageObject","inLanguage":"en-US","@id":"https:\/\/odsforbusiness.com\/#\/schema\/logo\/image\/","url":"https:\/\/odsforbusiness.com\/wp-content\/uploads\/2021\/03\/ODS-logo.png","contentUrl":"https:\/\/odsforbusiness.com\/wp-content\/uploads\/2021\/03\/ODS-logo.png","width":584,"height":295,"caption":"ODS"},"image":{"@id":"https:\/\/odsforbusiness.com\/#\/schema\/logo\/image\/"}}]}},"_links":{"self":[{"href":"https:\/\/odsforbusiness.com\/en\/wp-json\/wp\/v2\/product\/2416","targetHints":{"allow":["GET"]}}],"collection":[{"href":"https:\/\/odsforbusiness.com\/en\/wp-json\/wp\/v2\/product"}],"about":[{"href":"https:\/\/odsforbusiness.com\/en\/wp-json\/wp\/v2\/types\/product"}],"replies":[{"embeddable":true,"href":"https:\/\/odsforbusiness.com\/en\/wp-json\/wp\/v2\/comments?post=2416"}],"wp:attachment":[{"href":"https:\/\/odsforbusiness.com\/en\/wp-json\/wp\/v2\/media?parent=2416"}],"wp:term":[{"taxonomy":"product_brand","embeddable":true,"href":"https:\/\/odsforbusiness.com\/en\/wp-json\/wp\/v2\/product_brand?post=2416"},{"taxonomy":"product_cat","embeddable":true,"href":"https:\/\/odsforbusiness.com\/en\/wp-json\/wp\/v2\/product_cat?post=2416"},{"taxonomy":"product_tag","embeddable":true,"href":"https:\/\/odsforbusiness.com\/en\/wp-json\/wp\/v2\/product_tag?post=2416"}],"curies":[{"name":"wp","href":"https:\/\/api.w.org\/{rel}","templated":true}]}}