{"id":2418,"date":"2021-11-08T17:31:31","date_gmt":"2021-11-08T17:31:31","guid":{"rendered":"https:\/\/odsforbusiness.com\/?post_type=product&#038;p=2418"},"modified":"2023-10-28T20:29:12","modified_gmt":"2023-10-28T20:29:12","slug":"brecha-de-desempeno","status":"publish","type":"product","link":"https:\/\/odsforbusiness.com\/en\/productos\/brecha-de-desempeno\/","title":{"rendered":"BRECHA DE DESEMPE\u00d1O"},"content":{"rendered":"<p>Ya hemos definido los <span style=\"font-size: 16px\">KPIs (KEY PERFORMANCE INDICADORES) en el documento <a style=\"font-size: 16px;background-color: #ffffff\" href=\"https:\/\/odsforbusiness.com\/en\/productos\/plano-de-kpis\/\">PLANO DE KPIS.<\/a> que nos permiten medir cada una de las actividades asociadas a un indicador en concreto de un \u00e1rea prioritaria.<\/span><\/p>\n<p>En este documento vamos a definir el grado de desviaci\u00f3n y qu\u00e9 se necesita para conseguir llegar al objetivo deseado, en t\u00e9rmino de recursos econ\u00f3micos, personales, temporales, tecnol\u00f3gicos u otros.<\/p>\n<table style=\"width: 100%\" border=\"1\">\n<tbody>\n<tr>\n<th style=\"width: 50%\"><img decoding=\"async\" class=\"alignnone size-medium wp-image-2419\" src=\"https:\/\/odsforbusiness.com\/wp-content\/uploads\/2021\/11\/brecha-de-desempeno-300x129.jpg\" alt=\"\" width=\"300\" height=\"129\" srcset=\"https:\/\/odsforbusiness.com\/wp-content\/uploads\/2021\/11\/brecha-de-desempeno-300x129.jpg 300w, https:\/\/odsforbusiness.com\/wp-content\/uploads\/2021\/11\/brecha-de-desempeno-600x258.jpg 600w, https:\/\/odsforbusiness.com\/wp-content\/uploads\/2021\/11\/brecha-de-desempeno-768x330.jpg 768w, https:\/\/odsforbusiness.com\/wp-content\/uploads\/2021\/11\/brecha-de-desempeno.jpg 963w\" sizes=\"(max-width: 300px) 100vw, 300px\" \/><\/th>\n<th style=\"width: 50%\">El proceso se completa y concreta en el documento de trabajo y conclusiones \u00abBrecha de Desempe\u00f1o\u00bb que incluye un dashboard de seguimiento que detalla el status inicial, el objetivo final y el status actual, con los recursos necesarios para el cierre de la brecha entre objetivos y resultados.<\/th>\n<\/tr>\n<\/tbody>\n<\/table>","protected":false},"excerpt":{"rendered":"<p>Ya hemos definido los KPIs (KEY PERFORMANCE INDICADORES) en el documento PLANO DE KPIS. que nos permiten medir cada una de las actividades asociadas a un indicador en concreto de un \u00e1rea prioritaria. En este documento vamos a definir el grado de desviaci\u00f3n y qu\u00e9 se necesita para conseguir llegar al objetivo deseado, en t\u00e9rmino [&hellip;]<\/p>\n","protected":false},"featured_media":0,"comment_status":"open","ping_status":"closed","template":"","meta":{"site-sidebar-layout":"default","site-content-layout":"default","ast-site-content-layout":"default","site-content-style":"default","site-sidebar-style":"default","ast-global-header-display":"","ast-banner-title-visibility":"","ast-main-header-display":"","ast-hfb-above-header-display":"","ast-hfb-below-header-display":"","ast-hfb-mobile-header-display":"","site-post-title":"","ast-breadcrumbs-content":"","ast-featured-img":"","footer-sml-layout":"","ast-disable-related-posts":"","theme-transparent-header-meta":"default","adv-header-id-meta":"","stick-header-meta":"","header-above-stick-meta":"","header-main-stick-meta":"","header-below-stick-meta":"","astra-migrate-meta-layouts":"default","ast-page-background-enabled":"default","ast-page-background-meta":{"desktop":{"background-color":"","background-image":"","background-repeat":"repeat","background-position":"center center","background-size":"auto","background-attachment":"scroll","background-type":"","background-media":"","overlay-type":"","overlay-color":"","overlay-opacity":"","overlay-gradient":""},"tablet":{"background-color":"","background-image":"","background-repeat":"repeat","background-position":"center center","background-size":"auto","background-attachment":"scroll","background-type":"","background-media":"","overlay-type":"","overlay-color":"","overlay-opacity":"","overlay-gradient":""},"mobile":{"background-color":"","background-image":"","background-repeat":"repeat","background-position":"center center","background-size":"auto","background-attachment":"scroll","background-type":"","background-media":"","overlay-type":"","overlay-color":"","overlay-opacity":"","overlay-gradient":""}},"ast-content-background-meta":{"desktop":{"background-color":"var(--ast-global-color-5)","background-image":"","background-repeat":"repeat","background-position":"center center","background-size":"auto","background-attachment":"scroll","background-type":"","background-media":"","overlay-type":"","overlay-color":"","overlay-opacity":"","overlay-gradient":""},"tablet":{"background-color":"var(--ast-global-color-5)","background-image":"","background-repeat":"repeat","background-position":"center center","background-size":"auto","background-attachment":"scroll","background-type":"","background-media":"","overlay-type":"","overlay-color":"","overlay-opacity":"","overlay-gradient":""},"mobile":{"background-color":"var(--ast-global-color-5)","background-image":"","background-repeat":"repeat","background-position":"center center","background-size":"auto","background-attachment":"scroll","background-type":"","background-media":"","overlay-type":"","overlay-color":"","overlay-opacity":"","overlay-gradient":""}}},"product_brand":[],"product_cat":[34,40],"product_tag":[],"class_list":{"0":"post-2418","1":"product","2":"type-product","3":"status-publish","5":"product_cat-establecer-metas-e-indicadores","6":"product_cat-individual","7":"desktop-align-left","8":"tablet-align-left","9":"mobile-align-left","11":"first","12":"instock","13":"virtual","14":"taxable","15":"purchasable","16":"product-type-simple"},"yoast_head":"<!-- This site is optimized with the Yoast SEO plugin v27.4 - https:\/\/yoast.com\/product\/yoast-seo-wordpress\/ -->\n<title>BRECHA DE DESEMPE\u00d1O - ODS<\/title>\n<meta name=\"robots\" content=\"index, follow, max-snippet:-1, max-image-preview:large, max-video-preview:-1\" \/>\n<link rel=\"canonical\" href=\"https:\/\/odsforbusiness.com\/en\/productos\/brecha-de-desempeno\/\" \/>\n<meta property=\"og:locale\" content=\"en_US\" \/>\n<meta property=\"og:type\" content=\"article\" \/>\n<meta property=\"og:title\" content=\"BRECHA DE DESEMPE\u00d1O - ODS\" \/>\n<meta property=\"og:description\" content=\"Ya hemos definido los KPIs (KEY PERFORMANCE INDICADORES) en el documento PLANO DE KPIS. que nos permiten medir cada una de las actividades asociadas a un indicador en concreto de un \u00e1rea prioritaria. En este documento vamos a definir el grado de desviaci\u00f3n y qu\u00e9 se necesita para conseguir llegar al objetivo deseado, en t\u00e9rmino [&hellip;]\" \/>\n<meta property=\"og:url\" content=\"https:\/\/odsforbusiness.com\/en\/productos\/brecha-de-desempeno\/\" \/>\n<meta property=\"og:site_name\" content=\"ODS\" \/>\n<meta property=\"article:modified_time\" content=\"2023-10-28T20:29:12+00:00\" \/>\n<meta property=\"og:image\" content=\"https:\/\/odsforbusiness.com\/wp-content\/uploads\/2021\/11\/brecha-de-desempeno.jpg\" \/>\n\t<meta property=\"og:image:width\" content=\"963\" \/>\n\t<meta property=\"og:image:height\" content=\"414\" \/>\n\t<meta property=\"og:image:type\" content=\"image\/jpeg\" \/>\n<meta name=\"twitter:card\" content=\"summary_large_image\" \/>\n<meta name=\"twitter:label1\" content=\"Est. reading time\" \/>\n\t<meta name=\"twitter:data1\" content=\"1 minute\" \/>\n<script type=\"application\/ld+json\" class=\"yoast-schema-graph\">{\"@context\":\"https:\\\/\\\/schema.org\",\"@graph\":[{\"@type\":\"WebPage\",\"@id\":\"https:\\\/\\\/odsforbusiness.com\\\/productos\\\/brecha-de-desempeno\\\/\",\"url\":\"https:\\\/\\\/odsforbusiness.com\\\/productos\\\/brecha-de-desempeno\\\/\",\"name\":\"BRECHA DE DESEMPE\u00d1O - ODS\",\"isPartOf\":{\"@id\":\"https:\\\/\\\/odsforbusiness.com\\\/#website\"},\"primaryImageOfPage\":{\"@id\":\"https:\\\/\\\/odsforbusiness.com\\\/productos\\\/brecha-de-desempeno\\\/#primaryimage\"},\"image\":{\"@id\":\"https:\\\/\\\/odsforbusiness.com\\\/productos\\\/brecha-de-desempeno\\\/#primaryimage\"},\"thumbnailUrl\":\"https:\\\/\\\/odsforbusiness.com\\\/wp-content\\\/uploads\\\/2021\\\/11\\\/brecha-de-desempeno-300x129.jpg\",\"datePublished\":\"2021-11-08T17:31:31+00:00\",\"dateModified\":\"2023-10-28T20:29:12+00:00\",\"breadcrumb\":{\"@id\":\"https:\\\/\\\/odsforbusiness.com\\\/productos\\\/brecha-de-desempeno\\\/#breadcrumb\"},\"inLanguage\":\"en-US\",\"potentialAction\":[{\"@type\":\"ReadAction\",\"target\":[\"https:\\\/\\\/odsforbusiness.com\\\/productos\\\/brecha-de-desempeno\\\/\"]}]},{\"@type\":\"ImageObject\",\"inLanguage\":\"en-US\",\"@id\":\"https:\\\/\\\/odsforbusiness.com\\\/productos\\\/brecha-de-desempeno\\\/#primaryimage\",\"url\":\"https:\\\/\\\/odsforbusiness.com\\\/wp-content\\\/uploads\\\/2021\\\/11\\\/brecha-de-desempeno-300x129.jpg\",\"contentUrl\":\"https:\\\/\\\/odsforbusiness.com\\\/wp-content\\\/uploads\\\/2021\\\/11\\\/brecha-de-desempeno-300x129.jpg\"},{\"@type\":\"BreadcrumbList\",\"@id\":\"https:\\\/\\\/odsforbusiness.com\\\/productos\\\/brecha-de-desempeno\\\/#breadcrumb\",\"itemListElement\":[{\"@type\":\"ListItem\",\"position\":1,\"name\":\"Portada\",\"item\":\"https:\\\/\\\/odsforbusiness.com\\\/\"},{\"@type\":\"ListItem\",\"position\":2,\"name\":\"Tienda\",\"item\":\"https:\\\/\\\/odsforbusiness.com\\\/tienda\\\/\"},{\"@type\":\"ListItem\",\"position\":3,\"name\":\"BRECHA DE DESEMPE\u00d1O\"}]},{\"@type\":\"WebSite\",\"@id\":\"https:\\\/\\\/odsforbusiness.com\\\/#website\",\"url\":\"https:\\\/\\\/odsforbusiness.com\\\/\",\"name\":\"ODS\",\"description\":\"Objetivos de desarrollo sostenible y rentable.\",\"publisher\":{\"@id\":\"https:\\\/\\\/odsforbusiness.com\\\/#organization\"},\"potentialAction\":[{\"@type\":\"SearchAction\",\"target\":{\"@type\":\"EntryPoint\",\"urlTemplate\":\"https:\\\/\\\/odsforbusiness.com\\\/?s={search_term_string}\"},\"query-input\":{\"@type\":\"PropertyValueSpecification\",\"valueRequired\":true,\"valueName\":\"search_term_string\"}}],\"inLanguage\":\"en-US\"},{\"@type\":\"Organization\",\"@id\":\"https:\\\/\\\/odsforbusiness.com\\\/#organization\",\"name\":\"ODS\",\"alternateName\":\"Sostenibilidad y rentabilidad\",\"url\":\"https:\\\/\\\/odsforbusiness.com\\\/\",\"logo\":{\"@type\":\"ImageObject\",\"inLanguage\":\"en-US\",\"@id\":\"https:\\\/\\\/odsforbusiness.com\\\/#\\\/schema\\\/logo\\\/image\\\/\",\"url\":\"https:\\\/\\\/odsforbusiness.com\\\/wp-content\\\/uploads\\\/2021\\\/03\\\/ODS-logo.png\",\"contentUrl\":\"https:\\\/\\\/odsforbusiness.com\\\/wp-content\\\/uploads\\\/2021\\\/03\\\/ODS-logo.png\",\"width\":584,\"height\":295,\"caption\":\"ODS\"},\"image\":{\"@id\":\"https:\\\/\\\/odsforbusiness.com\\\/#\\\/schema\\\/logo\\\/image\\\/\"}}]}<\/script>\n<!-- \/ Yoast SEO plugin. -->","yoast_head_json":{"title":"BRECHA DE DESEMPE\u00d1O - ODS","robots":{"index":"index","follow":"follow","max-snippet":"max-snippet:-1","max-image-preview":"max-image-preview:large","max-video-preview":"max-video-preview:-1"},"canonical":"https:\/\/odsforbusiness.com\/en\/productos\/brecha-de-desempeno\/","og_locale":"en_US","og_type":"article","og_title":"BRECHA DE DESEMPE\u00d1O - ODS","og_description":"Ya hemos definido los KPIs (KEY PERFORMANCE INDICADORES) en el documento PLANO DE KPIS. que nos permiten medir cada una de las actividades asociadas a un indicador en concreto de un \u00e1rea prioritaria. En este documento vamos a definir el grado de desviaci\u00f3n y qu\u00e9 se necesita para conseguir llegar al objetivo deseado, en t\u00e9rmino [&hellip;]","og_url":"https:\/\/odsforbusiness.com\/en\/productos\/brecha-de-desempeno\/","og_site_name":"ODS","article_modified_time":"2023-10-28T20:29:12+00:00","og_image":[{"width":963,"height":414,"url":"https:\/\/odsforbusiness.com\/wp-content\/uploads\/2021\/11\/brecha-de-desempeno.jpg","type":"image\/jpeg"}],"twitter_card":"summary_large_image","twitter_misc":{"Est. reading time":"1 minute"},"schema":{"@context":"https:\/\/schema.org","@graph":[{"@type":"WebPage","@id":"https:\/\/odsforbusiness.com\/productos\/brecha-de-desempeno\/","url":"https:\/\/odsforbusiness.com\/productos\/brecha-de-desempeno\/","name":"BRECHA DE DESEMPE\u00d1O - ODS","isPartOf":{"@id":"https:\/\/odsforbusiness.com\/#website"},"primaryImageOfPage":{"@id":"https:\/\/odsforbusiness.com\/productos\/brecha-de-desempeno\/#primaryimage"},"image":{"@id":"https:\/\/odsforbusiness.com\/productos\/brecha-de-desempeno\/#primaryimage"},"thumbnailUrl":"https:\/\/odsforbusiness.com\/wp-content\/uploads\/2021\/11\/brecha-de-desempeno-300x129.jpg","datePublished":"2021-11-08T17:31:31+00:00","dateModified":"2023-10-28T20:29:12+00:00","breadcrumb":{"@id":"https:\/\/odsforbusiness.com\/productos\/brecha-de-desempeno\/#breadcrumb"},"inLanguage":"en-US","potentialAction":[{"@type":"ReadAction","target":["https:\/\/odsforbusiness.com\/productos\/brecha-de-desempeno\/"]}]},{"@type":"ImageObject","inLanguage":"en-US","@id":"https:\/\/odsforbusiness.com\/productos\/brecha-de-desempeno\/#primaryimage","url":"https:\/\/odsforbusiness.com\/wp-content\/uploads\/2021\/11\/brecha-de-desempeno-300x129.jpg","contentUrl":"https:\/\/odsforbusiness.com\/wp-content\/uploads\/2021\/11\/brecha-de-desempeno-300x129.jpg"},{"@type":"BreadcrumbList","@id":"https:\/\/odsforbusiness.com\/productos\/brecha-de-desempeno\/#breadcrumb","itemListElement":[{"@type":"ListItem","position":1,"name":"Portada","item":"https:\/\/odsforbusiness.com\/"},{"@type":"ListItem","position":2,"name":"Tienda","item":"https:\/\/odsforbusiness.com\/tienda\/"},{"@type":"ListItem","position":3,"name":"BRECHA DE DESEMPE\u00d1O"}]},{"@type":"WebSite","@id":"https:\/\/odsforbusiness.com\/#website","url":"https:\/\/odsforbusiness.com\/","name":"ODS","description":"Objetivos de desarrollo sostenible y rentable.","publisher":{"@id":"https:\/\/odsforbusiness.com\/#organization"},"potentialAction":[{"@type":"SearchAction","target":{"@type":"EntryPoint","urlTemplate":"https:\/\/odsforbusiness.com\/?s={search_term_string}"},"query-input":{"@type":"PropertyValueSpecification","valueRequired":true,"valueName":"search_term_string"}}],"inLanguage":"en-US"},{"@type":"Organization","@id":"https:\/\/odsforbusiness.com\/#organization","name":"ODS","alternateName":"Sostenibilidad y rentabilidad","url":"https:\/\/odsforbusiness.com\/","logo":{"@type":"ImageObject","inLanguage":"en-US","@id":"https:\/\/odsforbusiness.com\/#\/schema\/logo\/image\/","url":"https:\/\/odsforbusiness.com\/wp-content\/uploads\/2021\/03\/ODS-logo.png","contentUrl":"https:\/\/odsforbusiness.com\/wp-content\/uploads\/2021\/03\/ODS-logo.png","width":584,"height":295,"caption":"ODS"},"image":{"@id":"https:\/\/odsforbusiness.com\/#\/schema\/logo\/image\/"}}]}},"_links":{"self":[{"href":"https:\/\/odsforbusiness.com\/en\/wp-json\/wp\/v2\/product\/2418","targetHints":{"allow":["GET"]}}],"collection":[{"href":"https:\/\/odsforbusiness.com\/en\/wp-json\/wp\/v2\/product"}],"about":[{"href":"https:\/\/odsforbusiness.com\/en\/wp-json\/wp\/v2\/types\/product"}],"replies":[{"embeddable":true,"href":"https:\/\/odsforbusiness.com\/en\/wp-json\/wp\/v2\/comments?post=2418"}],"wp:attachment":[{"href":"https:\/\/odsforbusiness.com\/en\/wp-json\/wp\/v2\/media?parent=2418"}],"wp:term":[{"taxonomy":"product_brand","embeddable":true,"href":"https:\/\/odsforbusiness.com\/en\/wp-json\/wp\/v2\/product_brand?post=2418"},{"taxonomy":"product_cat","embeddable":true,"href":"https:\/\/odsforbusiness.com\/en\/wp-json\/wp\/v2\/product_cat?post=2418"},{"taxonomy":"product_tag","embeddable":true,"href":"https:\/\/odsforbusiness.com\/en\/wp-json\/wp\/v2\/product_tag?post=2418"}],"curies":[{"name":"wp","href":"https:\/\/api.w.org\/{rel}","templated":true}]}}