{"id":2436,"date":"2021-11-08T22:54:50","date_gmt":"2021-11-08T22:54:50","guid":{"rendered":"https:\/\/odsforbusiness.com\/?post_type=product&#038;p=2436"},"modified":"2024-09-09T09:05:28","modified_gmt":"2024-09-09T09:05:28","slug":"desarrollo-sostenible","status":"publish","type":"product","link":"https:\/\/odsforbusiness.com\/en\/productos\/desarrollo-sostenible\/","title":{"rendered":"QU\u00c9 ES EL DESARROLLO SOSTENIBLE"},"content":{"rendered":"<p>El desarrollo sostenible no es solo un problema para las generaciones futuras, es una responsabilidad que pertenece al presente y es, fundamentalmente, la capacidad de seguir haciendo algo a largo plazo. La sostenibilidad es cada vez m\u00e1s importante para todas las empresas, en todos los sectores, es un enfoque empresarial para crear valor a largo plazo teniendo en cuenta c\u00f3mo opera una organizaci\u00f3n determinada en el entorno ecol\u00f3gico, social y econ\u00f3mico.<\/p>\n<p>La sostenibilidad se basa en el supuesto de que el desarrollo de tales estrategias fomenta la longevidad de la empresa.\u00a0Para las empresas, esto significa ganar lo suficiente para sobrevivir, crecer y apoyar a su personal, mientras mejora el mundo que lo rodea. Incluye lo que hace, los productos y servicios que vende, y c\u00f3mo lo hace.<\/p>\n<p>En el curso daremos las pautas para<\/p>\n<ul>\n<li>Alinear estrategia y sostenibilidad<\/li>\n<li>Definir las pautas de Cumplimiento normativo<\/li>\n<li>Transparencia como condici\u00f3n previa<\/li>\n<li>Gestionar Alianzas<\/li>\n<\/ul>\n<p>&nbsp;<\/p>\n<p>&nbsp;<\/p>","protected":false},"excerpt":{"rendered":"<p>El desarrollo sostenible no es solo un problema para las generaciones futuras, es una responsabilidad que pertenece al presente y es, fundamentalmente, la capacidad de seguir haciendo algo a largo plazo. La sostenibilidad es cada vez m\u00e1s importante para todas las empresas, en todos los sectores, es un enfoque empresarial para crear valor a largo [&hellip;]<\/p>\n","protected":false},"featured_media":0,"comment_status":"open","ping_status":"closed","template":"","meta":{"site-sidebar-layout":"default","site-content-layout":"default","ast-site-content-layout":"default","site-content-style":"default","site-sidebar-style":"default","ast-global-header-display":"","ast-banner-title-visibility":"","ast-main-header-display":"","ast-hfb-above-header-display":"","ast-hfb-below-header-display":"","ast-hfb-mobile-header-display":"","site-post-title":"","ast-breadcrumbs-content":"","ast-featured-img":"","footer-sml-layout":"","ast-disable-related-posts":"","theme-transparent-header-meta":"default","adv-header-id-meta":"","stick-header-meta":"","header-above-stick-meta":"","header-main-stick-meta":"","header-below-stick-meta":"","astra-migrate-meta-layouts":"set","ast-page-background-enabled":"default","ast-page-background-meta":{"desktop":{"background-color":"","background-image":"","background-repeat":"repeat","background-position":"center center","background-size":"auto","background-attachment":"scroll","background-type":"","background-media":"","overlay-type":"","overlay-color":"","overlay-opacity":"","overlay-gradient":""},"tablet":{"background-color":"","background-image":"","background-repeat":"repeat","background-position":"center center","background-size":"auto","background-attachment":"scroll","background-type":"","background-media":"","overlay-type":"","overlay-color":"","overlay-opacity":"","overlay-gradient":""},"mobile":{"background-color":"","background-image":"","background-repeat":"repeat","background-position":"center center","background-size":"auto","background-attachment":"scroll","background-type":"","background-media":"","overlay-type":"","overlay-color":"","overlay-opacity":"","overlay-gradient":""}},"ast-content-background-meta":{"desktop":{"background-color":"var(--ast-global-color-5)","background-image":"","background-repeat":"repeat","background-position":"center center","background-size":"auto","background-attachment":"scroll","background-type":"","background-media":"","overlay-type":"","overlay-color":"","overlay-opacity":"","overlay-gradient":""},"tablet":{"background-color":"var(--ast-global-color-5)","background-image":"","background-repeat":"repeat","background-position":"center center","background-size":"auto","background-attachment":"scroll","background-type":"","background-media":"","overlay-type":"","overlay-color":"","overlay-opacity":"","overlay-gradient":""},"mobile":{"background-color":"var(--ast-global-color-5)","background-image":"","background-repeat":"repeat","background-position":"center center","background-size":"auto","background-attachment":"scroll","background-type":"","background-media":"","overlay-type":"","overlay-color":"","overlay-opacity":"","overlay-gradient":""}}},"product_brand":[],"product_cat":[32,40],"product_tag":[],"class_list":{"0":"post-2436","1":"product","2":"type-product","3":"status-publish","5":"product_cat-conocer-los-ods","6":"product_cat-individual","7":"desktop-align-left","8":"tablet-align-left","9":"mobile-align-left","11":"first","12":"instock","13":"virtual","14":"taxable","15":"purchasable","16":"product-type-simple"},"yoast_head":"<!-- This site is optimized with the Yoast SEO plugin v27.4 - https:\/\/yoast.com\/product\/yoast-seo-wordpress\/ -->\n<title>QU\u00c9 ES EL DESARROLLO SOSTENIBLE - ODS<\/title>\n<meta name=\"robots\" content=\"index, follow, max-snippet:-1, max-image-preview:large, max-video-preview:-1\" \/>\n<link rel=\"canonical\" href=\"https:\/\/odsforbusiness.com\/en\/productos\/desarrollo-sostenible\/\" \/>\n<meta property=\"og:locale\" content=\"en_US\" \/>\n<meta property=\"og:type\" content=\"article\" \/>\n<meta property=\"og:title\" content=\"QU\u00c9 ES EL DESARROLLO SOSTENIBLE - ODS\" \/>\n<meta property=\"og:description\" content=\"El desarrollo sostenible no es solo un problema para las generaciones futuras, es una responsabilidad que pertenece al presente y es, fundamentalmente, la capacidad de seguir haciendo algo a largo plazo. La sostenibilidad es cada vez m\u00e1s importante para todas las empresas, en todos los sectores, es un enfoque empresarial para crear valor a largo [&hellip;]\" \/>\n<meta property=\"og:url\" content=\"https:\/\/odsforbusiness.com\/en\/productos\/desarrollo-sostenible\/\" \/>\n<meta property=\"og:site_name\" content=\"ODS\" \/>\n<meta property=\"article:modified_time\" content=\"2024-09-09T09:05:28+00:00\" \/>\n<meta property=\"og:image\" content=\"https:\/\/odsforbusiness.com\/wp-content\/uploads\/2021\/05\/favicon-ods.png\" \/>\n\t<meta property=\"og:image:width\" content=\"100\" \/>\n\t<meta property=\"og:image:height\" content=\"99\" \/>\n\t<meta property=\"og:image:type\" content=\"image\/png\" \/>\n<meta name=\"twitter:card\" content=\"summary_large_image\" \/>\n<meta name=\"twitter:label1\" content=\"Est. reading time\" \/>\n\t<meta name=\"twitter:data1\" content=\"1 minute\" \/>\n<script type=\"application\/ld+json\" class=\"yoast-schema-graph\">{\"@context\":\"https:\\\/\\\/schema.org\",\"@graph\":[{\"@type\":\"WebPage\",\"@id\":\"https:\\\/\\\/odsforbusiness.com\\\/productos\\\/desarrollo-sostenible\\\/\",\"url\":\"https:\\\/\\\/odsforbusiness.com\\\/productos\\\/desarrollo-sostenible\\\/\",\"name\":\"QU\u00c9 ES EL DESARROLLO SOSTENIBLE - ODS\",\"isPartOf\":{\"@id\":\"https:\\\/\\\/odsforbusiness.com\\\/#website\"},\"datePublished\":\"2021-11-08T22:54:50+00:00\",\"dateModified\":\"2024-09-09T09:05:28+00:00\",\"breadcrumb\":{\"@id\":\"https:\\\/\\\/odsforbusiness.com\\\/productos\\\/desarrollo-sostenible\\\/#breadcrumb\"},\"inLanguage\":\"en-US\",\"potentialAction\":[{\"@type\":\"ReadAction\",\"target\":[\"https:\\\/\\\/odsforbusiness.com\\\/productos\\\/desarrollo-sostenible\\\/\"]}]},{\"@type\":\"BreadcrumbList\",\"@id\":\"https:\\\/\\\/odsforbusiness.com\\\/productos\\\/desarrollo-sostenible\\\/#breadcrumb\",\"itemListElement\":[{\"@type\":\"ListItem\",\"position\":1,\"name\":\"Portada\",\"item\":\"https:\\\/\\\/odsforbusiness.com\\\/\"},{\"@type\":\"ListItem\",\"position\":2,\"name\":\"Tienda\",\"item\":\"https:\\\/\\\/odsforbusiness.com\\\/tienda\\\/\"},{\"@type\":\"ListItem\",\"position\":3,\"name\":\"QU\u00c9 ES EL DESARROLLO SOSTENIBLE\"}]},{\"@type\":\"WebSite\",\"@id\":\"https:\\\/\\\/odsforbusiness.com\\\/#website\",\"url\":\"https:\\\/\\\/odsforbusiness.com\\\/\",\"name\":\"ODS\",\"description\":\"Objetivos de desarrollo sostenible y rentable.\",\"publisher\":{\"@id\":\"https:\\\/\\\/odsforbusiness.com\\\/#organization\"},\"potentialAction\":[{\"@type\":\"SearchAction\",\"target\":{\"@type\":\"EntryPoint\",\"urlTemplate\":\"https:\\\/\\\/odsforbusiness.com\\\/?s={search_term_string}\"},\"query-input\":{\"@type\":\"PropertyValueSpecification\",\"valueRequired\":true,\"valueName\":\"search_term_string\"}}],\"inLanguage\":\"en-US\"},{\"@type\":\"Organization\",\"@id\":\"https:\\\/\\\/odsforbusiness.com\\\/#organization\",\"name\":\"ODS\",\"alternateName\":\"Sostenibilidad y rentabilidad\",\"url\":\"https:\\\/\\\/odsforbusiness.com\\\/\",\"logo\":{\"@type\":\"ImageObject\",\"inLanguage\":\"en-US\",\"@id\":\"https:\\\/\\\/odsforbusiness.com\\\/#\\\/schema\\\/logo\\\/image\\\/\",\"url\":\"https:\\\/\\\/odsforbusiness.com\\\/wp-content\\\/uploads\\\/2021\\\/03\\\/ODS-logo.png\",\"contentUrl\":\"https:\\\/\\\/odsforbusiness.com\\\/wp-content\\\/uploads\\\/2021\\\/03\\\/ODS-logo.png\",\"width\":584,\"height\":295,\"caption\":\"ODS\"},\"image\":{\"@id\":\"https:\\\/\\\/odsforbusiness.com\\\/#\\\/schema\\\/logo\\\/image\\\/\"}}]}<\/script>\n<!-- \/ Yoast SEO plugin. -->","yoast_head_json":{"title":"QU\u00c9 ES EL DESARROLLO SOSTENIBLE - ODS","robots":{"index":"index","follow":"follow","max-snippet":"max-snippet:-1","max-image-preview":"max-image-preview:large","max-video-preview":"max-video-preview:-1"},"canonical":"https:\/\/odsforbusiness.com\/en\/productos\/desarrollo-sostenible\/","og_locale":"en_US","og_type":"article","og_title":"QU\u00c9 ES EL DESARROLLO SOSTENIBLE - ODS","og_description":"El desarrollo sostenible no es solo un problema para las generaciones futuras, es una responsabilidad que pertenece al presente y es, fundamentalmente, la capacidad de seguir haciendo algo a largo plazo. La sostenibilidad es cada vez m\u00e1s importante para todas las empresas, en todos los sectores, es un enfoque empresarial para crear valor a largo [&hellip;]","og_url":"https:\/\/odsforbusiness.com\/en\/productos\/desarrollo-sostenible\/","og_site_name":"ODS","article_modified_time":"2024-09-09T09:05:28+00:00","og_image":[{"width":100,"height":99,"url":"https:\/\/odsforbusiness.com\/wp-content\/uploads\/2021\/05\/favicon-ods.png","type":"image\/png"}],"twitter_card":"summary_large_image","twitter_misc":{"Est. reading time":"1 minute"},"schema":{"@context":"https:\/\/schema.org","@graph":[{"@type":"WebPage","@id":"https:\/\/odsforbusiness.com\/productos\/desarrollo-sostenible\/","url":"https:\/\/odsforbusiness.com\/productos\/desarrollo-sostenible\/","name":"QU\u00c9 ES EL DESARROLLO SOSTENIBLE - ODS","isPartOf":{"@id":"https:\/\/odsforbusiness.com\/#website"},"datePublished":"2021-11-08T22:54:50+00:00","dateModified":"2024-09-09T09:05:28+00:00","breadcrumb":{"@id":"https:\/\/odsforbusiness.com\/productos\/desarrollo-sostenible\/#breadcrumb"},"inLanguage":"en-US","potentialAction":[{"@type":"ReadAction","target":["https:\/\/odsforbusiness.com\/productos\/desarrollo-sostenible\/"]}]},{"@type":"BreadcrumbList","@id":"https:\/\/odsforbusiness.com\/productos\/desarrollo-sostenible\/#breadcrumb","itemListElement":[{"@type":"ListItem","position":1,"name":"Portada","item":"https:\/\/odsforbusiness.com\/"},{"@type":"ListItem","position":2,"name":"Tienda","item":"https:\/\/odsforbusiness.com\/tienda\/"},{"@type":"ListItem","position":3,"name":"QU\u00c9 ES EL DESARROLLO SOSTENIBLE"}]},{"@type":"WebSite","@id":"https:\/\/odsforbusiness.com\/#website","url":"https:\/\/odsforbusiness.com\/","name":"ODS","description":"Objetivos de desarrollo sostenible y rentable.","publisher":{"@id":"https:\/\/odsforbusiness.com\/#organization"},"potentialAction":[{"@type":"SearchAction","target":{"@type":"EntryPoint","urlTemplate":"https:\/\/odsforbusiness.com\/?s={search_term_string}"},"query-input":{"@type":"PropertyValueSpecification","valueRequired":true,"valueName":"search_term_string"}}],"inLanguage":"en-US"},{"@type":"Organization","@id":"https:\/\/odsforbusiness.com\/#organization","name":"ODS","alternateName":"Sostenibilidad y rentabilidad","url":"https:\/\/odsforbusiness.com\/","logo":{"@type":"ImageObject","inLanguage":"en-US","@id":"https:\/\/odsforbusiness.com\/#\/schema\/logo\/image\/","url":"https:\/\/odsforbusiness.com\/wp-content\/uploads\/2021\/03\/ODS-logo.png","contentUrl":"https:\/\/odsforbusiness.com\/wp-content\/uploads\/2021\/03\/ODS-logo.png","width":584,"height":295,"caption":"ODS"},"image":{"@id":"https:\/\/odsforbusiness.com\/#\/schema\/logo\/image\/"}}]}},"_links":{"self":[{"href":"https:\/\/odsforbusiness.com\/en\/wp-json\/wp\/v2\/product\/2436","targetHints":{"allow":["GET"]}}],"collection":[{"href":"https:\/\/odsforbusiness.com\/en\/wp-json\/wp\/v2\/product"}],"about":[{"href":"https:\/\/odsforbusiness.com\/en\/wp-json\/wp\/v2\/types\/product"}],"replies":[{"embeddable":true,"href":"https:\/\/odsforbusiness.com\/en\/wp-json\/wp\/v2\/comments?post=2436"}],"wp:attachment":[{"href":"https:\/\/odsforbusiness.com\/en\/wp-json\/wp\/v2\/media?parent=2436"}],"wp:term":[{"taxonomy":"product_brand","embeddable":true,"href":"https:\/\/odsforbusiness.com\/en\/wp-json\/wp\/v2\/product_brand?post=2436"},{"taxonomy":"product_cat","embeddable":true,"href":"https:\/\/odsforbusiness.com\/en\/wp-json\/wp\/v2\/product_cat?post=2436"},{"taxonomy":"product_tag","embeddable":true,"href":"https:\/\/odsforbusiness.com\/en\/wp-json\/wp\/v2\/product_tag?post=2436"}],"curies":[{"name":"wp","href":"https:\/\/api.w.org\/{rel}","templated":true}]}}