{"id":2529,"date":"2021-11-14T13:35:50","date_gmt":"2021-11-14T13:35:50","guid":{"rendered":"https:\/\/odsforbusiness.com\/?post_type=product&#038;p=2529"},"modified":"2024-09-05T10:38:02","modified_gmt":"2024-09-05T10:38:02","slug":"creacion-memorias-sostenibilidad","status":"publish","type":"product","link":"https:\/\/odsforbusiness.com\/en\/productos\/creacion-memorias-sostenibilidad\/","title":{"rendered":"C\u00f3mo elaborar INFORMES de SOSTENIBILIDAD"},"content":{"rendered":"<p>Ofrecer informaci\u00f3n de sostenibilidad se est\u00e1 convirtiendo cada vez m\u00e1s en algo importante para la toma de decisiones. Los informes de sostenibilidad son una excelente herramienta de apoyo, adem\u00e1s de permitir adoptar un lenguaje com\u00fan para comunicar el impacto y desempe\u00f1o a todas las partes interesadas de la organizaci\u00f3n (stakeholders).<\/p>\n<p>El seminario online introduce los est\u00e1ndares de GRI (Global Reporting Initiative, una organizaci\u00f3n internacional independiente pionera en el proceso de elaboraci\u00f3n de memorias de sostenibilidad corporativas desde 1997), como herramienta para la planificaci\u00f3n, medici\u00f3n, evaluaci\u00f3n y comunicaci\u00f3n de los avances e impactos en aspectos sociales, econ\u00f3micos y ambientales de una organizaci\u00f3n.<\/p>\n<p>Se dar\u00e1n las pautas b\u00e1sicas en la aplicaci\u00f3n de los <span style=\"font-size: 16px\">diez principios GRI para la preparaci\u00f3n de informaci\u00f3n\u00a0 y de informes de <\/span>sostenibilidad <span style=\"font-size: 16px\">de alta calidad<\/span>: participaci\u00f3n de los grupos de inter\u00e9s, contexto de sostenibilidad, materialidad, exhaustividad, equilibrio, comparabilidad, precisi\u00f3n, puntualidad, claridad y fiabilidad.<\/p>\n<p>En el seminario abordaremos los pasos necesarios para la elaboraci\u00f3n de las memorias, como el an\u00e1lisis del contexto de sostenibilidad, la matriz de materialidad y el mapa de stakeholders.<\/p>","protected":false},"excerpt":{"rendered":"<p>El informe de sostenibilidad es un pilar crucial para las empresas comprometidas con la responsabilidad corporativa. Ofrece una visi\u00f3n transparente de las pr\u00e1cticas sostenibles, impulsando la confianza entre las partes interesadas y promoviendo la mejora continua en aspectos sociales, ambientales y econ\u00f3micos. Es una herramienta esencial para demostrar un compromiso aut\u00e9ntico con la sostenibilidad y para guiar la toma de decisiones hacia un impacto positivo en el mundo.<\/p>","protected":false},"featured_media":0,"comment_status":"open","ping_status":"closed","template":"","meta":{"site-sidebar-layout":"default","site-content-layout":"default","ast-site-content-layout":"default","site-content-style":"default","site-sidebar-style":"default","ast-global-header-display":"","ast-banner-title-visibility":"","ast-main-header-display":"","ast-hfb-above-header-display":"","ast-hfb-below-header-display":"","ast-hfb-mobile-header-display":"","site-post-title":"","ast-breadcrumbs-content":"","ast-featured-img":"","footer-sml-layout":"","ast-disable-related-posts":"","theme-transparent-header-meta":"default","adv-header-id-meta":"","stick-header-meta":"","header-above-stick-meta":"","header-main-stick-meta":"","header-below-stick-meta":"","astra-migrate-meta-layouts":"set","ast-page-background-enabled":"default","ast-page-background-meta":{"desktop":{"background-color":"","background-image":"","background-repeat":"repeat","background-position":"center center","background-size":"auto","background-attachment":"scroll","background-type":"","background-media":"","overlay-type":"","overlay-color":"","overlay-opacity":"","overlay-gradient":""},"tablet":{"background-color":"","background-image":"","background-repeat":"repeat","background-position":"center center","background-size":"auto","background-attachment":"scroll","background-type":"","background-media":"","overlay-type":"","overlay-color":"","overlay-opacity":"","overlay-gradient":""},"mobile":{"background-color":"","background-image":"","background-repeat":"repeat","background-position":"center center","background-size":"auto","background-attachment":"scroll","background-type":"","background-media":"","overlay-type":"","overlay-color":"","overlay-opacity":"","overlay-gradient":""}},"ast-content-background-meta":{"desktop":{"background-color":"var(--ast-global-color-5)","background-image":"","background-repeat":"repeat","background-position":"center center","background-size":"auto","background-attachment":"scroll","background-type":"","background-media":"","overlay-type":"","overlay-color":"","overlay-opacity":"","overlay-gradient":""},"tablet":{"background-color":"var(--ast-global-color-5)","background-image":"","background-repeat":"repeat","background-position":"center center","background-size":"auto","background-attachment":"scroll","background-type":"","background-media":"","overlay-type":"","overlay-color":"","overlay-opacity":"","overlay-gradient":""},"mobile":{"background-color":"var(--ast-global-color-5)","background-image":"","background-repeat":"repeat","background-position":"center center","background-size":"auto","background-attachment":"scroll","background-type":"","background-media":"","overlay-type":"","overlay-color":"","overlay-opacity":"","overlay-gradient":""}}},"product_brand":[],"product_cat":[32,40],"product_tag":[],"class_list":{"0":"post-2529","1":"product","2":"type-product","3":"status-publish","5":"product_cat-conocer-los-ods","6":"product_cat-individual","7":"desktop-align-left","8":"tablet-align-left","9":"mobile-align-left","11":"first","12":"instock","13":"virtual","14":"taxable","15":"purchasable","16":"product-type-simple"},"yoast_head":"<!-- This site is optimized with the Yoast SEO plugin v27.4 - https:\/\/yoast.com\/product\/yoast-seo-wordpress\/ -->\n<title>C\u00f3mo elaborar INFORMES de SOSTENIBILIDAD - ODS<\/title>\n<meta name=\"robots\" content=\"index, follow, max-snippet:-1, max-image-preview:large, max-video-preview:-1\" \/>\n<link rel=\"canonical\" href=\"https:\/\/odsforbusiness.com\/en\/productos\/creacion-memorias-sostenibilidad\/\" \/>\n<meta property=\"og:locale\" content=\"en_US\" \/>\n<meta property=\"og:type\" content=\"article\" \/>\n<meta property=\"og:title\" content=\"C\u00f3mo elaborar INFORMES de SOSTENIBILIDAD - ODS\" \/>\n<meta property=\"og:description\" content=\"El informe de sostenibilidad es un pilar crucial para las empresas comprometidas con la responsabilidad corporativa. Ofrece una visi\u00f3n transparente de las pr\u00e1cticas sostenibles, impulsando la confianza entre las partes interesadas y promoviendo la mejora continua en aspectos sociales, ambientales y econ\u00f3micos. Es una herramienta esencial para demostrar un compromiso aut\u00e9ntico con la sostenibilidad y para guiar la toma de decisiones hacia un impacto positivo en el mundo.\" \/>\n<meta property=\"og:url\" content=\"https:\/\/odsforbusiness.com\/en\/productos\/creacion-memorias-sostenibilidad\/\" \/>\n<meta property=\"og:site_name\" content=\"ODS\" \/>\n<meta property=\"article:modified_time\" content=\"2024-09-05T10:38:02+00:00\" \/>\n<meta property=\"og:image\" content=\"https:\/\/odsforbusiness.com\/wp-content\/uploads\/2021\/05\/favicon-ods.png\" \/>\n\t<meta property=\"og:image:width\" content=\"100\" \/>\n\t<meta property=\"og:image:height\" content=\"99\" \/>\n\t<meta property=\"og:image:type\" content=\"image\/png\" \/>\n<meta name=\"twitter:card\" content=\"summary_large_image\" \/>\n<meta name=\"twitter:label1\" content=\"Est. reading time\" \/>\n\t<meta name=\"twitter:data1\" content=\"1 minute\" \/>\n<script type=\"application\/ld+json\" class=\"yoast-schema-graph\">{\"@context\":\"https:\\\/\\\/schema.org\",\"@graph\":[{\"@type\":\"WebPage\",\"@id\":\"https:\\\/\\\/odsforbusiness.com\\\/productos\\\/creacion-memorias-sostenibilidad\\\/\",\"url\":\"https:\\\/\\\/odsforbusiness.com\\\/productos\\\/creacion-memorias-sostenibilidad\\\/\",\"name\":\"C\u00f3mo elaborar INFORMES de SOSTENIBILIDAD - ODS\",\"isPartOf\":{\"@id\":\"https:\\\/\\\/odsforbusiness.com\\\/#website\"},\"datePublished\":\"2021-11-14T13:35:50+00:00\",\"dateModified\":\"2024-09-05T10:38:02+00:00\",\"breadcrumb\":{\"@id\":\"https:\\\/\\\/odsforbusiness.com\\\/productos\\\/creacion-memorias-sostenibilidad\\\/#breadcrumb\"},\"inLanguage\":\"en-US\",\"potentialAction\":[{\"@type\":\"ReadAction\",\"target\":[\"https:\\\/\\\/odsforbusiness.com\\\/productos\\\/creacion-memorias-sostenibilidad\\\/\"]}]},{\"@type\":\"BreadcrumbList\",\"@id\":\"https:\\\/\\\/odsforbusiness.com\\\/productos\\\/creacion-memorias-sostenibilidad\\\/#breadcrumb\",\"itemListElement\":[{\"@type\":\"ListItem\",\"position\":1,\"name\":\"Portada\",\"item\":\"https:\\\/\\\/odsforbusiness.com\\\/\"},{\"@type\":\"ListItem\",\"position\":2,\"name\":\"Tienda\",\"item\":\"https:\\\/\\\/odsforbusiness.com\\\/tienda\\\/\"},{\"@type\":\"ListItem\",\"position\":3,\"name\":\"C\u00f3mo elaborar INFORMES de SOSTENIBILIDAD\"}]},{\"@type\":\"WebSite\",\"@id\":\"https:\\\/\\\/odsforbusiness.com\\\/#website\",\"url\":\"https:\\\/\\\/odsforbusiness.com\\\/\",\"name\":\"ODS\",\"description\":\"Objetivos de desarrollo sostenible y rentable.\",\"publisher\":{\"@id\":\"https:\\\/\\\/odsforbusiness.com\\\/#organization\"},\"potentialAction\":[{\"@type\":\"SearchAction\",\"target\":{\"@type\":\"EntryPoint\",\"urlTemplate\":\"https:\\\/\\\/odsforbusiness.com\\\/?s={search_term_string}\"},\"query-input\":{\"@type\":\"PropertyValueSpecification\",\"valueRequired\":true,\"valueName\":\"search_term_string\"}}],\"inLanguage\":\"en-US\"},{\"@type\":\"Organization\",\"@id\":\"https:\\\/\\\/odsforbusiness.com\\\/#organization\",\"name\":\"ODS\",\"alternateName\":\"Sostenibilidad y rentabilidad\",\"url\":\"https:\\\/\\\/odsforbusiness.com\\\/\",\"logo\":{\"@type\":\"ImageObject\",\"inLanguage\":\"en-US\",\"@id\":\"https:\\\/\\\/odsforbusiness.com\\\/#\\\/schema\\\/logo\\\/image\\\/\",\"url\":\"https:\\\/\\\/odsforbusiness.com\\\/wp-content\\\/uploads\\\/2021\\\/03\\\/ODS-logo.png\",\"contentUrl\":\"https:\\\/\\\/odsforbusiness.com\\\/wp-content\\\/uploads\\\/2021\\\/03\\\/ODS-logo.png\",\"width\":584,\"height\":295,\"caption\":\"ODS\"},\"image\":{\"@id\":\"https:\\\/\\\/odsforbusiness.com\\\/#\\\/schema\\\/logo\\\/image\\\/\"}}]}<\/script>\n<!-- \/ Yoast SEO plugin. -->","yoast_head_json":{"title":"C\u00f3mo elaborar INFORMES de SOSTENIBILIDAD - ODS","robots":{"index":"index","follow":"follow","max-snippet":"max-snippet:-1","max-image-preview":"max-image-preview:large","max-video-preview":"max-video-preview:-1"},"canonical":"https:\/\/odsforbusiness.com\/en\/productos\/creacion-memorias-sostenibilidad\/","og_locale":"en_US","og_type":"article","og_title":"C\u00f3mo elaborar INFORMES de SOSTENIBILIDAD - ODS","og_description":"El informe de sostenibilidad es un pilar crucial para las empresas comprometidas con la responsabilidad corporativa. Ofrece una visi\u00f3n transparente de las pr\u00e1cticas sostenibles, impulsando la confianza entre las partes interesadas y promoviendo la mejora continua en aspectos sociales, ambientales y econ\u00f3micos. Es una herramienta esencial para demostrar un compromiso aut\u00e9ntico con la sostenibilidad y para guiar la toma de decisiones hacia un impacto positivo en el mundo.","og_url":"https:\/\/odsforbusiness.com\/en\/productos\/creacion-memorias-sostenibilidad\/","og_site_name":"ODS","article_modified_time":"2024-09-05T10:38:02+00:00","og_image":[{"width":100,"height":99,"url":"https:\/\/odsforbusiness.com\/wp-content\/uploads\/2021\/05\/favicon-ods.png","type":"image\/png"}],"twitter_card":"summary_large_image","twitter_misc":{"Est. reading time":"1 minute"},"schema":{"@context":"https:\/\/schema.org","@graph":[{"@type":"WebPage","@id":"https:\/\/odsforbusiness.com\/productos\/creacion-memorias-sostenibilidad\/","url":"https:\/\/odsforbusiness.com\/productos\/creacion-memorias-sostenibilidad\/","name":"C\u00f3mo elaborar INFORMES de SOSTENIBILIDAD - ODS","isPartOf":{"@id":"https:\/\/odsforbusiness.com\/#website"},"datePublished":"2021-11-14T13:35:50+00:00","dateModified":"2024-09-05T10:38:02+00:00","breadcrumb":{"@id":"https:\/\/odsforbusiness.com\/productos\/creacion-memorias-sostenibilidad\/#breadcrumb"},"inLanguage":"en-US","potentialAction":[{"@type":"ReadAction","target":["https:\/\/odsforbusiness.com\/productos\/creacion-memorias-sostenibilidad\/"]}]},{"@type":"BreadcrumbList","@id":"https:\/\/odsforbusiness.com\/productos\/creacion-memorias-sostenibilidad\/#breadcrumb","itemListElement":[{"@type":"ListItem","position":1,"name":"Portada","item":"https:\/\/odsforbusiness.com\/"},{"@type":"ListItem","position":2,"name":"Tienda","item":"https:\/\/odsforbusiness.com\/tienda\/"},{"@type":"ListItem","position":3,"name":"C\u00f3mo elaborar INFORMES de SOSTENIBILIDAD"}]},{"@type":"WebSite","@id":"https:\/\/odsforbusiness.com\/#website","url":"https:\/\/odsforbusiness.com\/","name":"ODS","description":"Objetivos de desarrollo sostenible y rentable.","publisher":{"@id":"https:\/\/odsforbusiness.com\/#organization"},"potentialAction":[{"@type":"SearchAction","target":{"@type":"EntryPoint","urlTemplate":"https:\/\/odsforbusiness.com\/?s={search_term_string}"},"query-input":{"@type":"PropertyValueSpecification","valueRequired":true,"valueName":"search_term_string"}}],"inLanguage":"en-US"},{"@type":"Organization","@id":"https:\/\/odsforbusiness.com\/#organization","name":"ODS","alternateName":"Sostenibilidad y rentabilidad","url":"https:\/\/odsforbusiness.com\/","logo":{"@type":"ImageObject","inLanguage":"en-US","@id":"https:\/\/odsforbusiness.com\/#\/schema\/logo\/image\/","url":"https:\/\/odsforbusiness.com\/wp-content\/uploads\/2021\/03\/ODS-logo.png","contentUrl":"https:\/\/odsforbusiness.com\/wp-content\/uploads\/2021\/03\/ODS-logo.png","width":584,"height":295,"caption":"ODS"},"image":{"@id":"https:\/\/odsforbusiness.com\/#\/schema\/logo\/image\/"}}]}},"_links":{"self":[{"href":"https:\/\/odsforbusiness.com\/en\/wp-json\/wp\/v2\/product\/2529","targetHints":{"allow":["GET"]}}],"collection":[{"href":"https:\/\/odsforbusiness.com\/en\/wp-json\/wp\/v2\/product"}],"about":[{"href":"https:\/\/odsforbusiness.com\/en\/wp-json\/wp\/v2\/types\/product"}],"replies":[{"embeddable":true,"href":"https:\/\/odsforbusiness.com\/en\/wp-json\/wp\/v2\/comments?post=2529"}],"wp:attachment":[{"href":"https:\/\/odsforbusiness.com\/en\/wp-json\/wp\/v2\/media?parent=2529"}],"wp:term":[{"taxonomy":"product_brand","embeddable":true,"href":"https:\/\/odsforbusiness.com\/en\/wp-json\/wp\/v2\/product_brand?post=2529"},{"taxonomy":"product_cat","embeddable":true,"href":"https:\/\/odsforbusiness.com\/en\/wp-json\/wp\/v2\/product_cat?post=2529"},{"taxonomy":"product_tag","embeddable":true,"href":"https:\/\/odsforbusiness.com\/en\/wp-json\/wp\/v2\/product_tag?post=2529"}],"curies":[{"name":"wp","href":"https:\/\/api.w.org\/{rel}","templated":true}]}}