{"id":3866,"date":"2024-09-09T09:06:46","date_gmt":"2024-09-09T09:06:46","guid":{"rendered":"https:\/\/odsforbusiness.com\/?post_type=product&#038;p=3866"},"modified":"2024-10-01T11:07:25","modified_gmt":"2024-10-01T11:07:25","slug":"formacionfundae","status":"publish","type":"product","link":"https:\/\/odsforbusiness.com\/en\/productos\/formacionfundae\/","title":{"rendered":"Formaci\u00f3n bonificada FUNDAE para empresas"},"content":{"rendered":"<table style=\"width: 100%\" border=\"0\">\n<tbody>\n<tr>\n<th style=\"width: 50%\"><a href=\"https:\/\/www.eineformacion.es\/ODSEmpresarial.php\" target=\"_blank\" rel=\"noopener\"><img fetchpriority=\"high\" decoding=\"async\" class=\"alignnone size-medium wp-image-3868\" src=\"https:\/\/odsforbusiness.com\/wp-content\/uploads\/2024\/09\/ACCESO-CURSO-300x169.jpg\" alt=\"\" width=\"300\" height=\"169\" srcset=\"https:\/\/odsforbusiness.com\/wp-content\/uploads\/2024\/09\/ACCESO-CURSO-300x169.jpg 300w, https:\/\/odsforbusiness.com\/wp-content\/uploads\/2024\/09\/ACCESO-CURSO-1024x576.jpg 1024w, https:\/\/odsforbusiness.com\/wp-content\/uploads\/2024\/09\/ACCESO-CURSO-768x432.jpg 768w, https:\/\/odsforbusiness.com\/wp-content\/uploads\/2024\/09\/ACCESO-CURSO-1536x864.jpg 1536w, https:\/\/odsforbusiness.com\/wp-content\/uploads\/2024\/09\/ACCESO-CURSO-600x338.jpg 600w, https:\/\/odsforbusiness.com\/wp-content\/uploads\/2024\/09\/ACCESO-CURSO.jpg 1920w\" sizes=\"(max-width: 300px) 100vw, 300px\" \/><\/a><\/th>\n<th style=\"width: 50%\">Acceso a la Formaci\u00f3n gratuita en Sostenibilidad\u00a0bonificada con FUNDAE para empresas<\/th>\n<\/tr>\n<\/tbody>\n<\/table>\n<p><strong>\u00bfPor qu\u00e9 es necesaria una estrategia ODS en la empresa?<\/strong><\/p>\n<ul>\n<li>Nuevas oportunidades de negocio.<\/li>\n<li>Nuevos consumidores que basen sus decisiones de compra en la percepci\u00f3n del desempe\u00f1o de sostenibilidad de una empresa.<\/li>\n<li>Acceso a capital \/ financiaci\u00f3n que s\u00f3lo est\u00e1 disponible para empresas con modelos de negocio sostenibles e incluyentes.<\/li>\n<li>Evitar ser objeto de impuestos o multas por no utilizan recursos de manera eficiente o que no evolucionan a alternativas m\u00e1s sostenibles.<\/li>\n<li>Mejorar el sentido de pertenencia a la empresa y la moral de los empleados.<\/li>\n<li>Acceder a mercados basados en reglas, sistemas financieros transparentes e instituciones sin corrupci\u00f3n y bien gobernadas.<\/li>\n<li>Reducir la \u00abfuga de talentos\u00bb en generaciones j\u00f3venes, que valoran las pr\u00e1cticas empresariales responsables e incluyentes.<\/li>\n<li>Fortalecer el compromiso con clientes, empleados y otras partes interesadas.<\/li>\n<\/ul>\n<p><strong>\u00a0<\/strong><\/p>\n<p><strong>OBJETIVOS DE LA FORMACI\u00d3N<\/strong><\/p>\n<p><strong>1.- Dar a conocer los ODS \u00a0<\/strong><\/p>\n<p>El entorno de los ODS no es dif\u00edcil de comprender. Y esta formaci\u00f3n capacita para aprender de forma muy sencilla que son y c\u00f3mo funcionan.<\/p>\n<p>Una vez completada, permite poder opinar y tomar decisiones m\u00e1s informadas y cambiar hacia un estilo de vida m\u00e1s sostenible en nuestros hogares y en las empresas.<\/p>\n<p><strong>2.- Convertir a todos los participantes en agentes del cambio <\/strong><\/p>\n<p>A lo largo del proceso de formaci\u00f3n se captura informaci\u00f3n relevante que permite definir la estrategia de sostenibilidad de la empresa, haciendo part\u00edcipes del cambio a todos los empleados que la completan.<\/p>\n<p>Mediante el uso de herramientas online participativas y de colaboraci\u00f3n, se detectan elementos que permiten a la empresa definir y priorizar determinadas sus \u00e1reas de actuaci\u00f3n en materia de sostenibilidad.<\/p>\n<p>De este modo, cada participante se siente un verdadero agente de cambio porque aporta sus propias iniciativas a la estrategia de sostenibilidad en su empresa.<\/p>\n<p><strong>PROCESO<\/strong><\/p>\n<p>Todos los m\u00f3dulos cuentan con las siguientes fases para completarlo:<\/p>\n<ol>\n<li>autodiagn\u00f3stico de conocimientos previos (modo encuesta)<\/li>\n<li>formaci\u00f3n<\/li>\n<li>autoevaluaci\u00f3n de conocimientos aprendidos (modo encuesta)<\/li>\n<li>test final de conocimientos aprendidos (modo encuesta)<\/li>\n<\/ol>","protected":false},"excerpt":{"rendered":"<p>El entorno de los ODS no es dif\u00edcil de comprender. Y esta formaci\u00f3n GRATIS (bonificada con FUNDAE) capacita para aprender de forma muy sencilla que es la sostenibilidad y los beneficios derivados de su aplicaci\u00f3n en la empresa.<\/p>","protected":false},"featured_media":0,"comment_status":"open","ping_status":"closed","template":"","meta":{"site-sidebar-layout":"default","site-content-layout":"default","ast-site-content-layout":"default","site-content-style":"default","site-sidebar-style":"default","ast-global-header-display":"","ast-banner-title-visibility":"","ast-main-header-display":"","ast-hfb-above-header-display":"","ast-hfb-below-header-display":"","ast-hfb-mobile-header-display":"","site-post-title":"","ast-breadcrumbs-content":"","ast-featured-img":"","footer-sml-layout":"","ast-disable-related-posts":"","theme-transparent-header-meta":"default","adv-header-id-meta":"","stick-header-meta":"","header-above-stick-meta":"","header-main-stick-meta":"","header-below-stick-meta":"","astra-migrate-meta-layouts":"set","ast-page-background-enabled":"default","ast-page-background-meta":{"desktop":{"background-color":"","background-image":"","background-repeat":"repeat","background-position":"center center","background-size":"auto","background-attachment":"scroll","background-type":"","background-media":"","overlay-type":"","overlay-color":"","overlay-opacity":"","overlay-gradient":""},"tablet":{"background-color":"","background-image":"","background-repeat":"repeat","background-position":"center center","background-size":"auto","background-attachment":"scroll","background-type":"","background-media":"","overlay-type":"","overlay-color":"","overlay-opacity":"","overlay-gradient":""},"mobile":{"background-color":"","background-image":"","background-repeat":"repeat","background-position":"center center","background-size":"auto","background-attachment":"scroll","background-type":"","background-media":"","overlay-type":"","overlay-color":"","overlay-opacity":"","overlay-gradient":""}},"ast-content-background-meta":{"desktop":{"background-color":"var(--ast-global-color-5)","background-image":"","background-repeat":"repeat","background-position":"center center","background-size":"auto","background-attachment":"scroll","background-type":"","background-media":"","overlay-type":"","overlay-color":"","overlay-opacity":"","overlay-gradient":""},"tablet":{"background-color":"var(--ast-global-color-5)","background-image":"","background-repeat":"repeat","background-position":"center center","background-size":"auto","background-attachment":"scroll","background-type":"","background-media":"","overlay-type":"","overlay-color":"","overlay-opacity":"","overlay-gradient":""},"mobile":{"background-color":"var(--ast-global-color-5)","background-image":"","background-repeat":"repeat","background-position":"center center","background-size":"auto","background-attachment":"scroll","background-type":"","background-media":"","overlay-type":"","overlay-color":"","overlay-opacity":"","overlay-gradient":""}}},"product_brand":[],"product_cat":[36,32,33,38,43,40],"product_tag":[56,50,51,49,48,54,57,53,55,52],"class_list":{"0":"post-3866","1":"product","2":"type-product","3":"status-publish","5":"product_cat-comunicar-y-reportar","6":"product_cat-conocer-los-ods","7":"product_cat-definir-los-ods-prioritarios","8":"product_cat-formacion","9":"product_cat-grupales","10":"product_cat-individual","11":"product_tag-agenda-2030","12":"product_tag-empresa","13":"product_tag-empresas","14":"product_tag-formacion","15":"product_tag-fundae","16":"product_tag-gratis","17":"product_tag-gratuita","18":"product_tag-negocio","19":"product_tag-ods","20":"product_tag-sostenibilidad","21":"desktop-align-left","22":"tablet-align-left","23":"mobile-align-left","25":"first","26":"instock","27":"virtual","28":"taxable","29":"purchasable","30":"product-type-simple"},"yoast_head":"<!-- This site is optimized with the Yoast SEO plugin v27.4 - https:\/\/yoast.com\/product\/yoast-seo-wordpress\/ -->\n<title>Formaci\u00f3n bonificada FUNDAE para empresas - ODS<\/title>\n<meta name=\"robots\" content=\"index, follow, max-snippet:-1, max-image-preview:large, max-video-preview:-1\" \/>\n<link rel=\"canonical\" href=\"https:\/\/odsforbusiness.com\/en\/productos\/formacionfundae\/\" \/>\n<meta property=\"og:locale\" content=\"en_US\" \/>\n<meta property=\"og:type\" content=\"article\" \/>\n<meta property=\"og:title\" content=\"Formaci\u00f3n bonificada FUNDAE para empresas - ODS\" \/>\n<meta property=\"og:description\" content=\"El entorno de los ODS no es dif\u00edcil de comprender. Y esta formaci\u00f3n GRATIS (bonificada con FUNDAE) capacita para aprender de forma muy sencilla que es la sostenibilidad y los beneficios derivados de su aplicaci\u00f3n en la empresa.\" \/>\n<meta property=\"og:url\" content=\"https:\/\/odsforbusiness.com\/en\/productos\/formacionfundae\/\" \/>\n<meta property=\"og:site_name\" content=\"ODS\" \/>\n<meta property=\"article:modified_time\" content=\"2024-10-01T11:07:25+00:00\" \/>\n<meta property=\"og:image\" content=\"https:\/\/odsforbusiness.com\/wp-content\/uploads\/2024\/09\/ACCESO-CURSO.jpg\" \/>\n\t<meta property=\"og:image:width\" content=\"1920\" \/>\n\t<meta property=\"og:image:height\" content=\"1080\" \/>\n\t<meta property=\"og:image:type\" content=\"image\/jpeg\" \/>\n<meta name=\"twitter:card\" content=\"summary_large_image\" \/>\n<meta name=\"twitter:label1\" content=\"Est. reading time\" \/>\n\t<meta name=\"twitter:data1\" content=\"2 minutes\" \/>\n<script type=\"application\/ld+json\" class=\"yoast-schema-graph\">{\"@context\":\"https:\\\/\\\/schema.org\",\"@graph\":[{\"@type\":\"WebPage\",\"@id\":\"https:\\\/\\\/odsforbusiness.com\\\/productos\\\/formacionfundae\\\/\",\"url\":\"https:\\\/\\\/odsforbusiness.com\\\/productos\\\/formacionfundae\\\/\",\"name\":\"Formaci\u00f3n bonificada FUNDAE para empresas - ODS\",\"isPartOf\":{\"@id\":\"https:\\\/\\\/odsforbusiness.com\\\/#website\"},\"primaryImageOfPage\":{\"@id\":\"https:\\\/\\\/odsforbusiness.com\\\/productos\\\/formacionfundae\\\/#primaryimage\"},\"image\":{\"@id\":\"https:\\\/\\\/odsforbusiness.com\\\/productos\\\/formacionfundae\\\/#primaryimage\"},\"thumbnailUrl\":\"https:\\\/\\\/odsforbusiness.com\\\/wp-content\\\/uploads\\\/2024\\\/09\\\/ACCESO-CURSO-300x169.jpg\",\"datePublished\":\"2024-09-09T09:06:46+00:00\",\"dateModified\":\"2024-10-01T11:07:25+00:00\",\"breadcrumb\":{\"@id\":\"https:\\\/\\\/odsforbusiness.com\\\/productos\\\/formacionfundae\\\/#breadcrumb\"},\"inLanguage\":\"en-US\",\"potentialAction\":[{\"@type\":\"ReadAction\",\"target\":[\"https:\\\/\\\/odsforbusiness.com\\\/productos\\\/formacionfundae\\\/\"]}]},{\"@type\":\"ImageObject\",\"inLanguage\":\"en-US\",\"@id\":\"https:\\\/\\\/odsforbusiness.com\\\/productos\\\/formacionfundae\\\/#primaryimage\",\"url\":\"https:\\\/\\\/odsforbusiness.com\\\/wp-content\\\/uploads\\\/2024\\\/09\\\/ACCESO-CURSO-300x169.jpg\",\"contentUrl\":\"https:\\\/\\\/odsforbusiness.com\\\/wp-content\\\/uploads\\\/2024\\\/09\\\/ACCESO-CURSO-300x169.jpg\"},{\"@type\":\"BreadcrumbList\",\"@id\":\"https:\\\/\\\/odsforbusiness.com\\\/productos\\\/formacionfundae\\\/#breadcrumb\",\"itemListElement\":[{\"@type\":\"ListItem\",\"position\":1,\"name\":\"Portada\",\"item\":\"https:\\\/\\\/odsforbusiness.com\\\/\"},{\"@type\":\"ListItem\",\"position\":2,\"name\":\"Tienda\",\"item\":\"https:\\\/\\\/odsforbusiness.com\\\/tienda\\\/\"},{\"@type\":\"ListItem\",\"position\":3,\"name\":\"Formaci\u00f3n bonificada FUNDAE para empresas\"}]},{\"@type\":\"WebSite\",\"@id\":\"https:\\\/\\\/odsforbusiness.com\\\/#website\",\"url\":\"https:\\\/\\\/odsforbusiness.com\\\/\",\"name\":\"ODS\",\"description\":\"Objetivos de desarrollo sostenible y rentable.\",\"publisher\":{\"@id\":\"https:\\\/\\\/odsforbusiness.com\\\/#organization\"},\"potentialAction\":[{\"@type\":\"SearchAction\",\"target\":{\"@type\":\"EntryPoint\",\"urlTemplate\":\"https:\\\/\\\/odsforbusiness.com\\\/?s={search_term_string}\"},\"query-input\":{\"@type\":\"PropertyValueSpecification\",\"valueRequired\":true,\"valueName\":\"search_term_string\"}}],\"inLanguage\":\"en-US\"},{\"@type\":\"Organization\",\"@id\":\"https:\\\/\\\/odsforbusiness.com\\\/#organization\",\"name\":\"ODS\",\"alternateName\":\"Sostenibilidad y rentabilidad\",\"url\":\"https:\\\/\\\/odsforbusiness.com\\\/\",\"logo\":{\"@type\":\"ImageObject\",\"inLanguage\":\"en-US\",\"@id\":\"https:\\\/\\\/odsforbusiness.com\\\/#\\\/schema\\\/logo\\\/image\\\/\",\"url\":\"https:\\\/\\\/odsforbusiness.com\\\/wp-content\\\/uploads\\\/2021\\\/03\\\/ODS-logo.png\",\"contentUrl\":\"https:\\\/\\\/odsforbusiness.com\\\/wp-content\\\/uploads\\\/2021\\\/03\\\/ODS-logo.png\",\"width\":584,\"height\":295,\"caption\":\"ODS\"},\"image\":{\"@id\":\"https:\\\/\\\/odsforbusiness.com\\\/#\\\/schema\\\/logo\\\/image\\\/\"}}]}<\/script>\n<!-- \/ Yoast SEO plugin. -->","yoast_head_json":{"title":"Formaci\u00f3n bonificada FUNDAE para empresas - ODS","robots":{"index":"index","follow":"follow","max-snippet":"max-snippet:-1","max-image-preview":"max-image-preview:large","max-video-preview":"max-video-preview:-1"},"canonical":"https:\/\/odsforbusiness.com\/en\/productos\/formacionfundae\/","og_locale":"en_US","og_type":"article","og_title":"Formaci\u00f3n bonificada FUNDAE para empresas - ODS","og_description":"El entorno de los ODS no es dif\u00edcil de comprender. Y esta formaci\u00f3n GRATIS (bonificada con FUNDAE) capacita para aprender de forma muy sencilla que es la sostenibilidad y los beneficios derivados de su aplicaci\u00f3n en la empresa.","og_url":"https:\/\/odsforbusiness.com\/en\/productos\/formacionfundae\/","og_site_name":"ODS","article_modified_time":"2024-10-01T11:07:25+00:00","og_image":[{"width":1920,"height":1080,"url":"https:\/\/odsforbusiness.com\/wp-content\/uploads\/2024\/09\/ACCESO-CURSO.jpg","type":"image\/jpeg"}],"twitter_card":"summary_large_image","twitter_misc":{"Est. reading time":"2 minutes"},"schema":{"@context":"https:\/\/schema.org","@graph":[{"@type":"WebPage","@id":"https:\/\/odsforbusiness.com\/productos\/formacionfundae\/","url":"https:\/\/odsforbusiness.com\/productos\/formacionfundae\/","name":"Formaci\u00f3n bonificada FUNDAE para empresas - ODS","isPartOf":{"@id":"https:\/\/odsforbusiness.com\/#website"},"primaryImageOfPage":{"@id":"https:\/\/odsforbusiness.com\/productos\/formacionfundae\/#primaryimage"},"image":{"@id":"https:\/\/odsforbusiness.com\/productos\/formacionfundae\/#primaryimage"},"thumbnailUrl":"https:\/\/odsforbusiness.com\/wp-content\/uploads\/2024\/09\/ACCESO-CURSO-300x169.jpg","datePublished":"2024-09-09T09:06:46+00:00","dateModified":"2024-10-01T11:07:25+00:00","breadcrumb":{"@id":"https:\/\/odsforbusiness.com\/productos\/formacionfundae\/#breadcrumb"},"inLanguage":"en-US","potentialAction":[{"@type":"ReadAction","target":["https:\/\/odsforbusiness.com\/productos\/formacionfundae\/"]}]},{"@type":"ImageObject","inLanguage":"en-US","@id":"https:\/\/odsforbusiness.com\/productos\/formacionfundae\/#primaryimage","url":"https:\/\/odsforbusiness.com\/wp-content\/uploads\/2024\/09\/ACCESO-CURSO-300x169.jpg","contentUrl":"https:\/\/odsforbusiness.com\/wp-content\/uploads\/2024\/09\/ACCESO-CURSO-300x169.jpg"},{"@type":"BreadcrumbList","@id":"https:\/\/odsforbusiness.com\/productos\/formacionfundae\/#breadcrumb","itemListElement":[{"@type":"ListItem","position":1,"name":"Portada","item":"https:\/\/odsforbusiness.com\/"},{"@type":"ListItem","position":2,"name":"Tienda","item":"https:\/\/odsforbusiness.com\/tienda\/"},{"@type":"ListItem","position":3,"name":"Formaci\u00f3n bonificada FUNDAE para empresas"}]},{"@type":"WebSite","@id":"https:\/\/odsforbusiness.com\/#website","url":"https:\/\/odsforbusiness.com\/","name":"ODS","description":"Objetivos de desarrollo sostenible y rentable.","publisher":{"@id":"https:\/\/odsforbusiness.com\/#organization"},"potentialAction":[{"@type":"SearchAction","target":{"@type":"EntryPoint","urlTemplate":"https:\/\/odsforbusiness.com\/?s={search_term_string}"},"query-input":{"@type":"PropertyValueSpecification","valueRequired":true,"valueName":"search_term_string"}}],"inLanguage":"en-US"},{"@type":"Organization","@id":"https:\/\/odsforbusiness.com\/#organization","name":"ODS","alternateName":"Sostenibilidad y rentabilidad","url":"https:\/\/odsforbusiness.com\/","logo":{"@type":"ImageObject","inLanguage":"en-US","@id":"https:\/\/odsforbusiness.com\/#\/schema\/logo\/image\/","url":"https:\/\/odsforbusiness.com\/wp-content\/uploads\/2021\/03\/ODS-logo.png","contentUrl":"https:\/\/odsforbusiness.com\/wp-content\/uploads\/2021\/03\/ODS-logo.png","width":584,"height":295,"caption":"ODS"},"image":{"@id":"https:\/\/odsforbusiness.com\/#\/schema\/logo\/image\/"}}]}},"_links":{"self":[{"href":"https:\/\/odsforbusiness.com\/en\/wp-json\/wp\/v2\/product\/3866","targetHints":{"allow":["GET"]}}],"collection":[{"href":"https:\/\/odsforbusiness.com\/en\/wp-json\/wp\/v2\/product"}],"about":[{"href":"https:\/\/odsforbusiness.com\/en\/wp-json\/wp\/v2\/types\/product"}],"replies":[{"embeddable":true,"href":"https:\/\/odsforbusiness.com\/en\/wp-json\/wp\/v2\/comments?post=3866"}],"wp:attachment":[{"href":"https:\/\/odsforbusiness.com\/en\/wp-json\/wp\/v2\/media?parent=3866"}],"wp:term":[{"taxonomy":"product_brand","embeddable":true,"href":"https:\/\/odsforbusiness.com\/en\/wp-json\/wp\/v2\/product_brand?post=3866"},{"taxonomy":"product_cat","embeddable":true,"href":"https:\/\/odsforbusiness.com\/en\/wp-json\/wp\/v2\/product_cat?post=3866"},{"taxonomy":"product_tag","embeddable":true,"href":"https:\/\/odsforbusiness.com\/en\/wp-json\/wp\/v2\/product_tag?post=3866"}],"curies":[{"name":"wp","href":"https:\/\/api.w.org\/{rel}","templated":true}]}}